{"id":6838,"date":"2021-10-19T16:02:18","date_gmt":"2021-10-19T19:02:18","guid":{"rendered":"http:\/\/www.rotoline.com\/?page_id=6838"},"modified":"2022-03-08T13:02:52","modified_gmt":"2022-03-08T16:02:52","slug":"faq","status":"publish","type":"page","link":"https:\/\/www.rotoline.com\/es\/faq\/","title":{"rendered":"FAQ"},"content":{"rendered":"<div data-elementor-type=\"wp-page\" data-elementor-id=\"6838\" class=\"elementor elementor-6838\" data-elementor-post-type=\"page\">\n\t\t\t\t\t\t<section class=\"elementor-section elementor-top-section elementor-element elementor-element-2a0b3c57 elementor-section-height-min-height elementor-section-items-top elementor-section-boxed elementor-section-height-default\" data-id=\"2a0b3c57\" data-element_type=\"section\" data-e-type=\"section\" data-settings=\"{&quot;background_background&quot;:&quot;classic&quot;}\">\n\t\t\t\t\t\t<div class=\"elementor-container elementor-column-gap-default\">\n\t\t\t\t\t<div class=\"elementor-column elementor-col-100 elementor-top-column elementor-element elementor-element-46152478\" data-id=\"46152478\" data-element_type=\"column\" data-e-type=\"column\" data-settings=\"{&quot;animation&quot;:&quot;none&quot;}\">\n\t\t\t<div class=\"elementor-widget-wrap elementor-element-populated\">\n\t\t\t\t\t\t<div class=\"elementor-element elementor-element-ee0139d elementor-widget elementor-widget-heading\" data-id=\"ee0139d\" data-element_type=\"widget\" data-e-type=\"widget\" data-widget_type=\"heading.default\">\n\t\t\t\t<div class=\"elementor-widget-container\">\n\t\t\t\t\t<h1 class=\"elementor-heading-title elementor-size-default\">FAQ - Preguntas <br>\nFrecuentes<\/h1>\t\t\t\t<\/div>\n\t\t\t\t<\/div>\n\t\t\t\t<div class=\"elementor-element elementor-element-129b690f elementor-widget elementor-widget-text-editor\" data-id=\"129b690f\" data-element_type=\"widget\" data-e-type=\"widget\" data-widget_type=\"text-editor.default\">\n\t\t\t\t<div class=\"elementor-widget-container\">\n\t\t\t\t\t\t\t\t\t<p>Sobre Rotomoldeo<\/p>\t\t\t\t\t\t\t\t<\/div>\n\t\t\t\t<\/div>\n\t\t\t\t<div class=\"elementor-element elementor-element-c1028f9 elementor-widget elementor-widget-toggle\" data-id=\"c1028f9\" data-element_type=\"widget\" data-e-type=\"widget\" data-widget_type=\"toggle.default\">\n\t\t\t\t<div class=\"elementor-widget-container\">\n\t\t\t\t\t\t\t<div class=\"elementor-toggle\">\n\t\t\t\t\t\t\t<div class=\"elementor-toggle-item\">\n\t\t\t\t\t<div id=\"elementor-tab-title-2021\" class=\"elementor-tab-title\" data-tab=\"1\" role=\"button\" aria-controls=\"elementor-tab-content-2021\" aria-expanded=\"false\">\n\t\t\t\t\t\t\t\t\t\t\t\t<span class=\"elementor-toggle-icon elementor-toggle-icon-left\" aria-hidden=\"true\">\n\t\t\t\t\t\t\t\t\t\t\t\t\t\t\t<span class=\"elementor-toggle-icon-closed\"><i class=\"fas fa-plus-circle\"><\/i><\/span>\n\t\t\t\t\t\t\t\t<span class=\"elementor-toggle-icon-opened\"><i class=\"elementor-toggle-icon-opened fas fa-caret-up\"><\/i><\/span>\n\t\t\t\t\t\t\t\t\t\t\t\t\t<\/span>\n\t\t\t\t\t\t\t\t\t\t\t\t<a class=\"elementor-toggle-title\" tabindex=\"0\">\u00bfQu\u00e9 es el rotomoldeo?<\/a>\n\t\t\t\t\t<\/div>\n\n\t\t\t\t\t<div id=\"elementor-tab-content-2021\" class=\"elementor-tab-content elementor-clearfix\" data-tab=\"1\" role=\"region\" aria-labelledby=\"elementor-tab-title-2021\"><p>El moldeo rotacional, tambi\u00e9n conocido como rotomoldeo, es un proceso para fabricar productos pl\u00e1sticos huecos. Tiene algunas ventajas en cuanto a bajos niveles de estr\u00e9s residual y moldes relativamente m\u00e1s baratos, siendo m\u00e1s conocido por fabricar tanques de agua o tanques, pero tambi\u00e9n se puede utilizar para fabricar productos m\u00e9dicos complejos, juguetes, kayaks, piezas decorativas, entre muchas otras posibilidades.<br \/><br \/><br \/><a href=\"https:\/\/www.rotoline.com\/es\/blog\/porque-a-rotomoldagem-se-mantem-em-constante-crescimento\/\"><button> Lea m\u00e1s en nuestro blog <\/button> <\/a><\/p><\/div>\n\t\t\t\t<\/div>\n\t\t\t\t\t\t\t<div class=\"elementor-toggle-item\">\n\t\t\t\t\t<div id=\"elementor-tab-title-2022\" class=\"elementor-tab-title\" data-tab=\"2\" role=\"button\" aria-controls=\"elementor-tab-content-2022\" aria-expanded=\"false\">\n\t\t\t\t\t\t\t\t\t\t\t\t<span class=\"elementor-toggle-icon elementor-toggle-icon-left\" aria-hidden=\"true\">\n\t\t\t\t\t\t\t\t\t\t\t\t\t\t\t<span class=\"elementor-toggle-icon-closed\"><i class=\"fas fa-plus-circle\"><\/i><\/span>\n\t\t\t\t\t\t\t\t<span class=\"elementor-toggle-icon-opened\"><i class=\"elementor-toggle-icon-opened fas fa-caret-up\"><\/i><\/span>\n\t\t\t\t\t\t\t\t\t\t\t\t\t<\/span>\n\t\t\t\t\t\t\t\t\t\t\t\t<a class=\"elementor-toggle-title\" tabindex=\"0\">\u00bfQu\u00e9 modelo de m\u00e1quina es el m\u00e1s adecuado para mi proceso? \u00bfPuede Rotoline ayudarme con la elecci\u00f3n del equipo?<\/a>\n\t\t\t\t\t<\/div>\n\n\t\t\t\t\t<div id=\"elementor-tab-content-2022\" class=\"elementor-tab-content elementor-clearfix\" data-tab=\"2\" role=\"region\" aria-labelledby=\"elementor-tab-title-2022\"><p>Rotoline produce algunos modelos y tama\u00f1os de m\u00e1quinas de rotomoldeo.<\/p><p>El modelo Shuttle tiene una relaci\u00f3n especial entre productividad y econom\u00eda, adem\u00e1s de un f\u00e1cil acceso para cambiar<br \/>moldes y la opci\u00f3n de trabajar con una o dos estaciones. Este modelo es m\u00e1s adecuado para fabricar<br \/>una variedad de productos, ya que es posible utilizar diferentes moldes al mismo tiempo, produciendo con diferentes tiempos<br \/>y recetas en cada estaci\u00f3n, ya que el paso de enfriamiento es independiente para cada carro.<\/p><p>Las M\u00e1quinas Rotoline modelo Carrossel, en cambio, son m\u00e1s adecuadas para producir piezas en grandes cantidades y en secuencia, ya que cuentan con hasta 5 estaciones que permiten que cada uno de los 3 o 4 carros trabaje en un solo paso de forma individual, y puede presentar hasta un 20% m\u00e1s de productividad que otros modelos de m\u00e1quina.<\/p><p>Las m\u00e1quinas Rotoline modelo Open-Flame pueden producir piezas cil\u00edndricas de una forma m\u00e1s econ\u00f3mica y viable en relaci\u00f3n al consumo de gas.<\/p><p>Para universidades y laboratorios, se recomiendan las m\u00e1quinas LAB.<\/p><p>Rotoline le ayuda a elegir el equipo m\u00e1s adecuado para su proceso.<\/p><p>Ponte en contacto y estaremos listos para atenderte.<\/p><p><a href=\"https:\/\/www.rotoline.com\/es\/contato\/\"><button> Ponte en contacto <\/button> <\/a><\/p><\/div>\n\t\t\t\t<\/div>\n\t\t\t\t\t\t\t<div class=\"elementor-toggle-item\">\n\t\t\t\t\t<div id=\"elementor-tab-title-2023\" class=\"elementor-tab-title\" data-tab=\"3\" role=\"button\" aria-controls=\"elementor-tab-content-2023\" aria-expanded=\"false\">\n\t\t\t\t\t\t\t\t\t\t\t\t<span class=\"elementor-toggle-icon elementor-toggle-icon-left\" aria-hidden=\"true\">\n\t\t\t\t\t\t\t\t\t\t\t\t\t\t\t<span class=\"elementor-toggle-icon-closed\"><i class=\"fas fa-plus-circle\"><\/i><\/span>\n\t\t\t\t\t\t\t\t<span class=\"elementor-toggle-icon-opened\"><i class=\"elementor-toggle-icon-opened fas fa-caret-up\"><\/i><\/span>\n\t\t\t\t\t\t\t\t\t\t\t\t\t<\/span>\n\t\t\t\t\t\t\t\t\t\t\t\t<a class=\"elementor-toggle-title\" tabindex=\"0\">\u00bfCu\u00e1les son las principales ventajas del rotomoldeo?<\/a>\n\t\t\t\t\t<\/div>\n\n\t\t\t\t\t<div id=\"elementor-tab-content-2023\" class=\"elementor-tab-content elementor-clearfix\" data-tab=\"3\" role=\"region\" aria-labelledby=\"elementor-tab-title-2023\"><p>Las piezas se pueden fabricar sin necesidad de unirlas o soldarlas;<br \/>El producto final tiene bajos niveles de tensi\u00f3n residual;<br \/>Los moldes son relativamente baratos y su fabricaci\u00f3n no tiene un largo per\u00edodo de espera en comparaci\u00f3n con otros procesos de transformaci\u00f3n de pol\u00edmeros;<br \/>Pr\u00e1cticamente no hay p\u00e9rdidas materiales en el proceso;<br \/>Se pueden rotomoldear diferentes tipos de productos en la misma m\u00e1quina;<br \/>Es posible fabricar productos multicapa;<br \/>Es posible utilizar insertos que sean f\u00e1ciles de rotomoldear;<br \/>El proceso se puede monitorear f\u00e1cilmente a trav\u00e9s de la tecnolog\u00eda aplicada por Rotoline en sus m\u00e1quinas.<\/p><p><a href=\"https:\/\/www.rotoline.com\/es\/blog\/el-rotomoldeo-revoluciona-el-sector-del-plastico\/\"><button> Lea m\u00e1s en nuestro blog <\/button> <\/a><\/p><\/div>\n\t\t\t\t<\/div>\n\t\t\t\t\t\t\t<div class=\"elementor-toggle-item\">\n\t\t\t\t\t<div id=\"elementor-tab-title-2024\" class=\"elementor-tab-title\" data-tab=\"4\" role=\"button\" aria-controls=\"elementor-tab-content-2024\" aria-expanded=\"false\">\n\t\t\t\t\t\t\t\t\t\t\t\t<span class=\"elementor-toggle-icon elementor-toggle-icon-left\" aria-hidden=\"true\">\n\t\t\t\t\t\t\t\t\t\t\t\t\t\t\t<span class=\"elementor-toggle-icon-closed\"><i class=\"fas fa-plus-circle\"><\/i><\/span>\n\t\t\t\t\t\t\t\t<span class=\"elementor-toggle-icon-opened\"><i class=\"elementor-toggle-icon-opened fas fa-caret-up\"><\/i><\/span>\n\t\t\t\t\t\t\t\t\t\t\t\t\t<\/span>\n\t\t\t\t\t\t\t\t\t\t\t\t<a class=\"elementor-toggle-title\" tabindex=\"0\">\u00bfQu\u00e9 materiales se pueden utilizar en el rotomoldeo?<\/a>\n\t\t\t\t\t<\/div>\n\n\t\t\t\t\t<div id=\"elementor-tab-content-2024\" class=\"elementor-tab-content elementor-clearfix\" data-tab=\"4\" role=\"region\" aria-labelledby=\"elementor-tab-title-2024\"><p>El material utilizado en las m\u00e1quinas Rotoline es el polietileno.<\/p><\/div>\n\t\t\t\t<\/div>\n\t\t\t\t\t\t\t<div class=\"elementor-toggle-item\">\n\t\t\t\t\t<div id=\"elementor-tab-title-2025\" class=\"elementor-tab-title\" data-tab=\"5\" role=\"button\" aria-controls=\"elementor-tab-content-2025\" aria-expanded=\"false\">\n\t\t\t\t\t\t\t\t\t\t\t\t<span class=\"elementor-toggle-icon elementor-toggle-icon-left\" aria-hidden=\"true\">\n\t\t\t\t\t\t\t\t\t\t\t\t\t\t\t<span class=\"elementor-toggle-icon-closed\"><i class=\"fas fa-plus-circle\"><\/i><\/span>\n\t\t\t\t\t\t\t\t<span class=\"elementor-toggle-icon-opened\"><i class=\"elementor-toggle-icon-opened fas fa-caret-up\"><\/i><\/span>\n\t\t\t\t\t\t\t\t\t\t\t\t\t<\/span>\n\t\t\t\t\t\t\t\t\t\t\t\t<a class=\"elementor-toggle-title\" tabindex=\"0\">\u00bfQu\u00e9 tipo de gas puedo utilizar en una m\u00e1quina de rotomoldeo Rotoline? <\/a>\n\t\t\t\t\t<\/div>\n\n\t\t\t\t\t<div id=\"elementor-tab-content-2025\" class=\"elementor-tab-content elementor-clearfix\" data-tab=\"5\" role=\"region\" aria-labelledby=\"elementor-tab-title-2025\"><p>Las m\u00e1quinas de rotomoldeo Rotoline permiten el uso tanto de gas natural (GN) <br \/>como de gas licuado de petr\u00f3leo (GLP).<\/p><\/div>\n\t\t\t\t<\/div>\n\t\t\t\t\t\t\t<div class=\"elementor-toggle-item\">\n\t\t\t\t\t<div id=\"elementor-tab-title-2026\" class=\"elementor-tab-title\" data-tab=\"6\" role=\"button\" aria-controls=\"elementor-tab-content-2026\" aria-expanded=\"false\">\n\t\t\t\t\t\t\t\t\t\t\t\t<span class=\"elementor-toggle-icon elementor-toggle-icon-left\" aria-hidden=\"true\">\n\t\t\t\t\t\t\t\t\t\t\t\t\t\t\t<span class=\"elementor-toggle-icon-closed\"><i class=\"fas fa-plus-circle\"><\/i><\/span>\n\t\t\t\t\t\t\t\t<span class=\"elementor-toggle-icon-opened\"><i class=\"elementor-toggle-icon-opened fas fa-caret-up\"><\/i><\/span>\n\t\t\t\t\t\t\t\t\t\t\t\t\t<\/span>\n\t\t\t\t\t\t\t\t\t\t\t\t<a class=\"elementor-toggle-title\" tabindex=\"0\">\u00bfCu\u00e1nto tiempo se tarda en fabricar una pieza rotomoldeada?<\/a>\n\t\t\t\t\t<\/div>\n\n\t\t\t\t\t<div id=\"elementor-tab-content-2026\" class=\"elementor-tab-content elementor-clearfix\" data-tab=\"6\" role=\"region\" aria-labelledby=\"elementor-tab-title-2026\"><p>En cuanto a los tiempos de ciclos, hay muchas variables a considerar, como el n\u00famero de moldes, tiempo de apertura y cierre del molde, cantidad de material procesado y espesor del molde del producto final, horno y tiempo de enfriamiento.<\/p><\/div>\n\t\t\t\t<\/div>\n\t\t\t\t\t\t\t<div class=\"elementor-toggle-item\">\n\t\t\t\t\t<div id=\"elementor-tab-title-2027\" class=\"elementor-tab-title\" data-tab=\"7\" role=\"button\" aria-controls=\"elementor-tab-content-2027\" aria-expanded=\"false\">\n\t\t\t\t\t\t\t\t\t\t\t\t<span class=\"elementor-toggle-icon elementor-toggle-icon-left\" aria-hidden=\"true\">\n\t\t\t\t\t\t\t\t\t\t\t\t\t\t\t<span class=\"elementor-toggle-icon-closed\"><i class=\"fas fa-plus-circle\"><\/i><\/span>\n\t\t\t\t\t\t\t\t<span class=\"elementor-toggle-icon-opened\"><i class=\"elementor-toggle-icon-opened fas fa-caret-up\"><\/i><\/span>\n\t\t\t\t\t\t\t\t\t\t\t\t\t<\/span>\n\t\t\t\t\t\t\t\t\t\t\t\t<a class=\"elementor-toggle-title\" tabindex=\"0\">Soy nuevo en Rotomoldeo, \u00bfqu\u00e9 necesito para instalar una m\u00e1quina Rotoline?<\/a>\n\t\t\t\t\t<\/div>\n\n\t\t\t\t\t<div id=\"elementor-tab-content-2027\" class=\"elementor-tab-content elementor-clearfix\" data-tab=\"7\" role=\"region\" aria-labelledby=\"elementor-tab-title-2027\"><p>Las m\u00e1quinas de rotomoldeo Rotoline requieren, adem\u00e1s del espacio a instalar, electricidad, gas y aire comprimido. <br \/>Adem\u00e1s de eso, s\u00f3lo necesitar\u00e1 los moldes de sus productos y estar\u00e1 listo para ser parte <br \/>de una de las industrias m\u00e1s pr\u00f3speras del mundo.<\/p><\/div>\n\t\t\t\t<\/div>\n\t\t\t\t\t\t\t<div class=\"elementor-toggle-item\">\n\t\t\t\t\t<div id=\"elementor-tab-title-2028\" class=\"elementor-tab-title\" data-tab=\"8\" role=\"button\" aria-controls=\"elementor-tab-content-2028\" aria-expanded=\"false\">\n\t\t\t\t\t\t\t\t\t\t\t\t<span class=\"elementor-toggle-icon elementor-toggle-icon-left\" aria-hidden=\"true\">\n\t\t\t\t\t\t\t\t\t\t\t\t\t\t\t<span class=\"elementor-toggle-icon-closed\"><i class=\"fas fa-plus-circle\"><\/i><\/span>\n\t\t\t\t\t\t\t\t<span class=\"elementor-toggle-icon-opened\"><i class=\"elementor-toggle-icon-opened fas fa-caret-up\"><\/i><\/span>\n\t\t\t\t\t\t\t\t\t\t\t\t\t<\/span>\n\t\t\t\t\t\t\t\t\t\t\t\t<a class=\"elementor-toggle-title\" tabindex=\"0\">\u00bfC\u00f3mo creo una receta para mi producto?<\/a>\n\t\t\t\t\t<\/div>\n\n\t\t\t\t\t<div id=\"elementor-tab-content-2028\" class=\"elementor-tab-content elementor-clearfix\" data-tab=\"8\" role=\"region\" aria-labelledby=\"elementor-tab-title-2028\"><p>Teniendo la m\u00e1quina y un producto definido, es necesario ajustar su proceso para tener el mayor rendimiento posible. Rotoline recomienda probar las recetas y monitorear los resultados hasta que se alcance el equilibrio entre el tiempo de horno \/ enfriamiento y el moldeado de la pieza.<\/p><\/div>\n\t\t\t\t<\/div>\n\t\t\t\t\t\t\t<div class=\"elementor-toggle-item\">\n\t\t\t\t\t<div id=\"elementor-tab-title-2029\" class=\"elementor-tab-title\" data-tab=\"9\" role=\"button\" aria-controls=\"elementor-tab-content-2029\" aria-expanded=\"false\">\n\t\t\t\t\t\t\t\t\t\t\t\t<span class=\"elementor-toggle-icon elementor-toggle-icon-left\" aria-hidden=\"true\">\n\t\t\t\t\t\t\t\t\t\t\t\t\t\t\t<span class=\"elementor-toggle-icon-closed\"><i class=\"fas fa-plus-circle\"><\/i><\/span>\n\t\t\t\t\t\t\t\t<span class=\"elementor-toggle-icon-opened\"><i class=\"elementor-toggle-icon-opened fas fa-caret-up\"><\/i><\/span>\n\t\t\t\t\t\t\t\t\t\t\t\t\t<\/span>\n\t\t\t\t\t\t\t\t\t\t\t\t<a class=\"elementor-toggle-title\" tabindex=\"0\">\u00bfCu\u00e1nto tiempo se tarda en montar una m\u00e1quina de rotomoldeo Rotoline?*<\/a>\n\t\t\t\t\t<\/div>\n\n\t\t\t\t\t<div id=\"elementor-tab-content-2029\" class=\"elementor-tab-content elementor-clearfix\" data-tab=\"9\" role=\"region\" aria-labelledby=\"elementor-tab-title-2029\"><p>Dependiendo de la m\u00e1quina, el montaje se puede realizar en 5 a 8 d\u00edas.<\/p><p><br \/><br \/><a href=\"https:\/\/www.rotoline.com\/es\/contato\/\"><button> Ponte en contacto <\/button> <\/a><\/p><\/div>\n\t\t\t\t<\/div>\n\t\t\t\t\t\t\t<div class=\"elementor-toggle-item\">\n\t\t\t\t\t<div id=\"elementor-tab-title-20210\" class=\"elementor-tab-title\" data-tab=\"10\" role=\"button\" aria-controls=\"elementor-tab-content-20210\" aria-expanded=\"false\">\n\t\t\t\t\t\t\t\t\t\t\t\t<span class=\"elementor-toggle-icon elementor-toggle-icon-left\" aria-hidden=\"true\">\n\t\t\t\t\t\t\t\t\t\t\t\t\t\t\t<span class=\"elementor-toggle-icon-closed\"><i class=\"fas fa-plus-circle\"><\/i><\/span>\n\t\t\t\t\t\t\t\t<span class=\"elementor-toggle-icon-opened\"><i class=\"elementor-toggle-icon-opened fas fa-caret-up\"><\/i><\/span>\n\t\t\t\t\t\t\t\t\t\t\t\t\t<\/span>\n\t\t\t\t\t\t\t\t\t\t\t\t<a class=\"elementor-toggle-title\" tabindex=\"0\">\u00bfQu\u00e9 es RWTC y para qu\u00e9 sirve?<\/a>\n\t\t\t\t\t<\/div>\n\n\t\t\t\t\t<div id=\"elementor-tab-content-20210\" class=\"elementor-tab-content elementor-clearfix\" data-tab=\"10\" role=\"region\" aria-labelledby=\"elementor-tab-title-20210\"><p>El RWTC (Rotoline Wireless Temperature Control) es un controlador de temperatura inal\u00e1mbrico (wireless) que fue desarrollado por Rotoline para optimizar el ciclo, controlando el tiempo de horno de acuerdo con la temperatura simulada del interior del molde.<br \/>Esto optimiza el proceso, ya que cuando el RWTC alcanza una cierta temperatura establecida por el operador, el control inteligente de la m\u00e1quina finaliza el ciclo y env\u00eda el carro al siguiente paso de moldeo rotacional. Esto tambi\u00e9n elimina posibles variaciones de temperatura ambiente, aumentando la tasa de repetibilidad de las piezas.<br \/>El RWTC tambi\u00e9n se puede usar para controlar la temperatura en la estaci\u00f3n de enfriamiento, siempre que el operador lo configure para hacerlo.<br \/><br \/><a href=\"https:\/\/www.rotoline.com\/es\/control-de-temperatura\/\"><button> SEPA MAS <\/button> <\/a><\/p><\/div>\n\t\t\t\t<\/div>\n\t\t\t\t\t\t\t<div class=\"elementor-toggle-item\">\n\t\t\t\t\t<div id=\"elementor-tab-title-20211\" class=\"elementor-tab-title\" data-tab=\"11\" role=\"button\" aria-controls=\"elementor-tab-content-20211\" aria-expanded=\"false\">\n\t\t\t\t\t\t\t\t\t\t\t\t<span class=\"elementor-toggle-icon elementor-toggle-icon-left\" aria-hidden=\"true\">\n\t\t\t\t\t\t\t\t\t\t\t\t\t\t\t<span class=\"elementor-toggle-icon-closed\"><i class=\"fas fa-plus-circle\"><\/i><\/span>\n\t\t\t\t\t\t\t\t<span class=\"elementor-toggle-icon-opened\"><i class=\"elementor-toggle-icon-opened fas fa-caret-up\"><\/i><\/span>\n\t\t\t\t\t\t\t\t\t\t\t\t\t<\/span>\n\t\t\t\t\t\t\t\t\t\t\t\t<a class=\"elementor-toggle-title\" tabindex=\"0\">\u00bfQu\u00e9 accesorios Rotoline est\u00e1n disponibles para m\u00e1quinas de rotomoldeo? \u00bfY cu\u00e1les se pueden aplicar en otros procesos?<\/a>\n\t\t\t\t\t<\/div>\n\n\t\t\t\t\t<div id=\"elementor-tab-content-20211\" class=\"elementor-tab-content elementor-clearfix\" data-tab=\"11\" role=\"region\" aria-labelledby=\"elementor-tab-title-20211\"><p>Plataforma de acceso al quemador<br \/>Cerca de seguridad con Intertavamiento<br \/>Soporte de molde<br \/>Sistema de pesaje y alimentaci\u00f3n<br \/>Ventiladores de refrigeraci\u00f3n<br \/>RWTC<br \/>Plataformas de Trabajo<\/p><p>Vea qu\u00e9 componentes est\u00e1n disponibles para su m\u00e1quina o sus necesidades.<\/p><p><br \/><br \/><a href=\"https:\/\/www.rotoline.com\/es\/contato\/\"><button> Ponte en contacto <\/button> <\/a><\/p><\/div>\n\t\t\t\t<\/div>\n\t\t\t\t\t\t\t\t<\/div>\n\t\t\t\t\t\t<\/div>\n\t\t\t\t<\/div>\n\t\t\t\t\t<\/div>\n\t\t<\/div>\n\t\t\t\t\t<\/div>\n\t\t<\/section>\n\t\t\t\t<\/div>","protected":false},"excerpt":{"rendered":"<p>FAQ &#8211; D\u00favidas Frequentes Sobre Rotomoldagem O que \u00e9 Rotomoldagem? A Moldagem Rotacional, tamb\u00e9m conhecida como Rotomoldagem, \u00e9 um processo para fabrica\u00e7\u00e3o de produtos pl\u00e1sticos ocos. A Rotomoldagem possui algumas vantagens em termos de baixos n\u00edveis de stress residual e moldes relativamente baratos. Ela \u00e9 a mais conhecida para fabrica\u00e7\u00e3o de caixas d\u2019\u00e1gua ou tanques, [&hellip;]<\/p>","protected":false},"author":14,"featured_media":0,"parent":0,"menu_order":0,"comment_status":"closed","ping_status":"closed","template":"elementor_header_footer","meta":{"footnotes":""},"class_list":["post-6838","page","type-page","status-publish","hentry"],"yoast_head":"<!-- This site is optimized with the Yoast SEO plugin v27.2 - https:\/\/yoast.com\/product\/yoast-seo-wordpress\/ -->\n<title>FAQ - Rotoline<\/title>\n<meta name=\"description\" content=\"M\u00e1quinas de Rotomoldagem, m\u00e1quinas de rotomoldagem para tanques, brinquedos em pl\u00e1stico, fabricar em pl\u00e1stico, bra\u00e7os independentes\" \/>\n<meta name=\"robots\" content=\"index, follow, max-snippet:-1, max-image-preview:large, max-video-preview:-1\" \/>\n<link rel=\"canonical\" href=\"https:\/\/www.rotoline.com\/es\/faq\/\" \/>\n<meta property=\"og:locale\" content=\"es_ES\" \/>\n<meta property=\"og:type\" content=\"article\" \/>\n<meta property=\"og:title\" content=\"FAQ - Rotoline\" \/>\n<meta property=\"og:description\" content=\"M\u00e1quinas de Rotomoldagem, m\u00e1quinas de rotomoldagem para tanques, brinquedos em pl\u00e1stico, fabricar em pl\u00e1stico, bra\u00e7os independentes\" \/>\n<meta property=\"og:url\" content=\"https:\/\/www.rotoline.com\/es\/faq\/\" \/>\n<meta property=\"og:site_name\" content=\"Rotoline\" \/>\n<meta property=\"article:modified_time\" content=\"2022-03-08T16:02:52+00:00\" \/>\n<meta name=\"twitter:card\" content=\"summary_large_image\" \/>\n<meta name=\"twitter:label1\" content=\"Tiempo de lectura\" \/>\n\t<meta name=\"twitter:data1\" content=\"4 minutos\" \/>\n<script type=\"application\/ld+json\" class=\"yoast-schema-graph\">{\"@context\":\"https:\/\/schema.org\",\"@graph\":[{\"@type\":\"WebPage\",\"@id\":\"https:\/\/www.rotoline.com\/en\/faq\/\",\"url\":\"https:\/\/www.rotoline.com\/en\/faq\/\",\"name\":\"FAQ - Rotoline\",\"isPartOf\":{\"@id\":\"https:\/\/www.rotoline.com\/br\/#website\"},\"datePublished\":\"2021-10-19T19:02:18+00:00\",\"dateModified\":\"2022-03-08T16:02:52+00:00\",\"description\":\"M\u00e1quinas de Rotomoldagem, m\u00e1quinas de rotomoldagem para tanques, brinquedos em pl\u00e1stico, fabricar em pl\u00e1stico, bra\u00e7os independentes\",\"breadcrumb\":{\"@id\":\"https:\/\/www.rotoline.com\/en\/faq\/#breadcrumb\"},\"inLanguage\":\"es\",\"potentialAction\":[{\"@type\":\"ReadAction\",\"target\":[\"https:\/\/www.rotoline.com\/en\/faq\/\"]}]},{\"@type\":\"BreadcrumbList\",\"@id\":\"https:\/\/www.rotoline.com\/en\/faq\/#breadcrumb\",\"itemListElement\":[{\"@type\":\"ListItem\",\"position\":1,\"name\":\"In\u00edcio\",\"item\":\"https:\/\/www.rotoline.com\/br\/\"},{\"@type\":\"ListItem\",\"position\":2,\"name\":\"FAQ\"}]},{\"@type\":\"WebSite\",\"@id\":\"https:\/\/www.rotoline.com\/br\/#website\",\"url\":\"https:\/\/www.rotoline.com\/br\/\",\"name\":\"Rotoline\",\"description\":\"Tecnologia que molda inova\u00e7\u00e3o\",\"publisher\":{\"@id\":\"https:\/\/www.rotoline.com\/br\/#organization\"},\"potentialAction\":[{\"@type\":\"SearchAction\",\"target\":{\"@type\":\"EntryPoint\",\"urlTemplate\":\"https:\/\/www.rotoline.com\/br\/?s={search_term_string}\"},\"query-input\":{\"@type\":\"PropertyValueSpecification\",\"valueRequired\":true,\"valueName\":\"search_term_string\"}}],\"inLanguage\":\"es\"},{\"@type\":\"Organization\",\"@id\":\"https:\/\/www.rotoline.com\/br\/#organization\",\"name\":\"Rotoline\",\"url\":\"https:\/\/www.rotoline.com\/br\/\",\"logo\":{\"@type\":\"ImageObject\",\"inLanguage\":\"es\",\"@id\":\"https:\/\/www.rotoline.com\/br\/#\/schema\/logo\/image\/\",\"url\":\"http:\/\/www.rotoline.com\/wp-content\/uploads\/2020\/01\/logo-rotoline-pt-1.png\",\"contentUrl\":\"http:\/\/www.rotoline.com\/wp-content\/uploads\/2020\/01\/logo-rotoline-pt-1.png\",\"width\":200,\"height\":69,\"caption\":\"Rotoline\"},\"image\":{\"@id\":\"https:\/\/www.rotoline.com\/br\/#\/schema\/logo\/image\/\"},\"sameAs\":[\"https:\/\/www.linkedin.com\/company\/rotoline\",\"https:\/\/br.pinterest.com\/rmquinas\",\"https:\/\/www.youtube.com\/channel\/UCbvp8TXGEXDfLe2govM_0Qw\"]}]}<\/script>\n<!-- \/ Yoast SEO plugin. -->","yoast_head_json":{"title":"FAQ - Rotoline","description":"M\u00e1quinas de Rotomoldagem, m\u00e1quinas de rotomoldagem para tanques, brinquedos em pl\u00e1stico, fabricar em pl\u00e1stico, bra\u00e7os independentes","robots":{"index":"index","follow":"follow","max-snippet":"max-snippet:-1","max-image-preview":"max-image-preview:large","max-video-preview":"max-video-preview:-1"},"canonical":"https:\/\/www.rotoline.com\/es\/faq\/","og_locale":"es_ES","og_type":"article","og_title":"FAQ - Rotoline","og_description":"M\u00e1quinas de Rotomoldagem, m\u00e1quinas de rotomoldagem para tanques, brinquedos em pl\u00e1stico, fabricar em pl\u00e1stico, bra\u00e7os independentes","og_url":"https:\/\/www.rotoline.com\/es\/faq\/","og_site_name":"Rotoline","article_modified_time":"2022-03-08T16:02:52+00:00","twitter_card":"summary_large_image","twitter_misc":{"Tiempo de lectura":"4 minutos"},"schema":{"@context":"https:\/\/schema.org","@graph":[{"@type":"WebPage","@id":"https:\/\/www.rotoline.com\/en\/faq\/","url":"https:\/\/www.rotoline.com\/en\/faq\/","name":"FAQ - Rotoline","isPartOf":{"@id":"https:\/\/www.rotoline.com\/br\/#website"},"datePublished":"2021-10-19T19:02:18+00:00","dateModified":"2022-03-08T16:02:52+00:00","description":"M\u00e1quinas de Rotomoldagem, m\u00e1quinas de rotomoldagem para tanques, brinquedos em pl\u00e1stico, fabricar em pl\u00e1stico, bra\u00e7os independentes","breadcrumb":{"@id":"https:\/\/www.rotoline.com\/en\/faq\/#breadcrumb"},"inLanguage":"es","potentialAction":[{"@type":"ReadAction","target":["https:\/\/www.rotoline.com\/en\/faq\/"]}]},{"@type":"BreadcrumbList","@id":"https:\/\/www.rotoline.com\/en\/faq\/#breadcrumb","itemListElement":[{"@type":"ListItem","position":1,"name":"In\u00edcio","item":"https:\/\/www.rotoline.com\/br\/"},{"@type":"ListItem","position":2,"name":"FAQ"}]},{"@type":"WebSite","@id":"https:\/\/www.rotoline.com\/br\/#website","url":"https:\/\/www.rotoline.com\/br\/","name":"Rotoline","description":"Tecnologia que molda inova\u00e7\u00e3o","publisher":{"@id":"https:\/\/www.rotoline.com\/br\/#organization"},"potentialAction":[{"@type":"SearchAction","target":{"@type":"EntryPoint","urlTemplate":"https:\/\/www.rotoline.com\/br\/?s={search_term_string}"},"query-input":{"@type":"PropertyValueSpecification","valueRequired":true,"valueName":"search_term_string"}}],"inLanguage":"es"},{"@type":"Organization","@id":"https:\/\/www.rotoline.com\/br\/#organization","name":"Rotoline","url":"https:\/\/www.rotoline.com\/br\/","logo":{"@type":"ImageObject","inLanguage":"es","@id":"https:\/\/www.rotoline.com\/br\/#\/schema\/logo\/image\/","url":"http:\/\/www.rotoline.com\/wp-content\/uploads\/2020\/01\/logo-rotoline-pt-1.png","contentUrl":"http:\/\/www.rotoline.com\/wp-content\/uploads\/2020\/01\/logo-rotoline-pt-1.png","width":200,"height":69,"caption":"Rotoline"},"image":{"@id":"https:\/\/www.rotoline.com\/br\/#\/schema\/logo\/image\/"},"sameAs":["https:\/\/www.linkedin.com\/company\/rotoline","https:\/\/br.pinterest.com\/rmquinas","https:\/\/www.youtube.com\/channel\/UCbvp8TXGEXDfLe2govM_0Qw"]}]}},"_links":{"self":[{"href":"https:\/\/www.rotoline.com\/es\/wp-json\/wp\/v2\/pages\/6838","targetHints":{"allow":["GET"]}}],"collection":[{"href":"https:\/\/www.rotoline.com\/es\/wp-json\/wp\/v2\/pages"}],"about":[{"href":"https:\/\/www.rotoline.com\/es\/wp-json\/wp\/v2\/types\/page"}],"author":[{"embeddable":true,"href":"https:\/\/www.rotoline.com\/es\/wp-json\/wp\/v2\/users\/14"}],"replies":[{"embeddable":true,"href":"https:\/\/www.rotoline.com\/es\/wp-json\/wp\/v2\/comments?post=6838"}],"version-history":[{"count":47,"href":"https:\/\/www.rotoline.com\/es\/wp-json\/wp\/v2\/pages\/6838\/revisions"}],"predecessor-version":[{"id":7387,"href":"https:\/\/www.rotoline.com\/es\/wp-json\/wp\/v2\/pages\/6838\/revisions\/7387"}],"wp:attachment":[{"href":"https:\/\/www.rotoline.com\/es\/wp-json\/wp\/v2\/media?parent=6838"}],"curies":[{"name":"wp","href":"https:\/\/api.w.org\/{rel}","templated":true}]}}