{"id":7512,"date":"2022-03-09T15:29:03","date_gmt":"2022-03-09T18:29:03","guid":{"rendered":"http:\/\/www.rotoline.com\/?page_id=7512"},"modified":"2023-03-14T14:18:07","modified_gmt":"2023-03-14T17:18:07","slug":"swing-chart-shuttle-4-00","status":"publish","type":"page","link":"https:\/\/www.rotoline.com\/en\/swing-chart-shuttle-4-00\/","title":{"rendered":"Swing Chart M\u00e1quina Shuttle 4.00"},"content":{"rendered":"<div data-elementor-type=\"wp-page\" data-elementor-id=\"7512\" class=\"elementor elementor-7512\" data-elementor-post-type=\"page\">\n\t\t\t\t\t\t<section class=\"elementor-section elementor-top-section elementor-element elementor-element-6959c37 elementor-section-boxed elementor-section-height-default elementor-section-height-default\" data-id=\"6959c37\" data-element_type=\"section\" data-e-type=\"section\" data-settings=\"{&quot;background_background&quot;:&quot;classic&quot;}\">\n\t\t\t\t\t\t\t<div class=\"elementor-background-overlay\"><\/div>\n\t\t\t\t\t\t\t<div class=\"elementor-container elementor-column-gap-default\">\n\t\t\t\t\t<div class=\"elementor-column elementor-col-33 elementor-top-column elementor-element elementor-element-06c0726\" data-id=\"06c0726\" data-element_type=\"column\" data-e-type=\"column\">\n\t\t\t<div class=\"elementor-widget-wrap elementor-element-populated\">\n\t\t\t\t\t\t<div class=\"elementor-element elementor-element-a1af435 elementor-widget elementor-widget-image\" data-id=\"a1af435\" data-element_type=\"widget\" data-e-type=\"widget\" data-widget_type=\"image.default\">\n\t\t\t\t<div class=\"elementor-widget-container\">\n\t\t\t\t\t\t\t\t\t\t\t\t\t\t\t<img fetchpriority=\"high\" decoding=\"async\" width=\"656\" height=\"649\" src=\"https:\/\/www.rotoline.com\/wp-content\/uploads\/2022\/02\/Rotomolding-Shuttle-Rotoline-transp_.png\" class=\"attachment-large size-large wp-image-7278\" alt=\"\" srcset=\"https:\/\/www.rotoline.com\/wp-content\/uploads\/2022\/02\/Rotomolding-Shuttle-Rotoline-transp_.png 656w, https:\/\/www.rotoline.com\/wp-content\/uploads\/2022\/02\/Rotomolding-Shuttle-Rotoline-transp_-300x297.png 300w, https:\/\/www.rotoline.com\/wp-content\/uploads\/2022\/02\/Rotomolding-Shuttle-Rotoline-transp_-12x12.png 12w\" sizes=\"(max-width: 656px) 100vw, 656px\" \/>\t\t\t\t\t\t\t\t\t\t\t\t\t\t\t<\/div>\n\t\t\t\t<\/div>\n\t\t\t\t\t<\/div>\n\t\t<\/div>\n\t\t\t\t<div class=\"elementor-column elementor-col-33 elementor-top-column elementor-element elementor-element-00ae1d3\" data-id=\"00ae1d3\" data-element_type=\"column\" data-e-type=\"column\">\n\t\t\t<div class=\"elementor-widget-wrap elementor-element-populated\">\n\t\t\t\t\t\t<div class=\"elementor-element elementor-element-f415865 elementor-widget elementor-widget-heading\" data-id=\"f415865\" data-element_type=\"widget\" data-e-type=\"widget\" data-widget_type=\"heading.default\">\n\t\t\t\t<div class=\"elementor-widget-container\">\n\t\t\t\t\t<h2 class=\"elementor-heading-title elementor-size-default\">swing chart<\/h2>\t\t\t\t<\/div>\n\t\t\t\t<\/div>\n\t\t\t\t<div class=\"elementor-element elementor-element-06a253b elementor-widget elementor-widget-heading\" data-id=\"06a253b\" data-element_type=\"widget\" data-e-type=\"widget\" data-widget_type=\"heading.default\">\n\t\t\t\t<div class=\"elementor-widget-container\">\n\t\t\t\t\t<h2 class=\"elementor-heading-title elementor-size-default\">shuttle 4.00<\/h2>\t\t\t\t<\/div>\n\t\t\t\t<\/div>\n\t\t\t\t<div class=\"elementor-element elementor-element-f13a40a elementor-widget elementor-widget-heading\" data-id=\"f13a40a\" data-element_type=\"widget\" data-e-type=\"widget\" data-widget_type=\"heading.default\">\n\t\t\t\t<div class=\"elementor-widget-container\">\n\t\t\t\t\t<p class=\"elementor-heading-title elementor-size-default\">Fill in to download the material<\/p>\t\t\t\t<\/div>\n\t\t\t\t<\/div>\n\t\t\t\t<div class=\"elementor-element elementor-element-0eafa7f premium-cf7-button-fwidth-yes elementor-widget elementor-widget-premium-contact-form\" data-id=\"0eafa7f\" data-element_type=\"widget\" data-e-type=\"widget\" data-widget_type=\"premium-contact-form.default\">\n\t\t\t\t<div class=\"elementor-widget-container\">\n\t\t\t\t\t\n\t\t\t\n\t\t\t<div class=\"premium-cf7-container\" data-settings=\"{&quot;fields_glass&quot;:&quot;none&quot;,&quot;submit_glass&quot;:&quot;none&quot;}\">\n\t\t\t\t\n<div class=\"wpcf7 no-js\" id=\"wpcf7-f7500-o1\" lang=\"pt-BR\" dir=\"ltr\" data-wpcf7-id=\"7500\">\n<div class=\"screen-reader-response\"><p role=\"status\" aria-live=\"polite\" aria-atomic=\"true\"><\/p> <ul><\/ul><\/div>\n<form action=\"\/en\/wp-json\/wp\/v2\/pages\/7512#wpcf7-f7500-o1\" method=\"post\" class=\"wpcf7-form init\" aria-label=\"Formul\u00e1rios de contato\" novalidate=\"novalidate\" data-status=\"init\" data-trp-original-action=\"\/en\/wp-json\/wp\/v2\/pages\/7512#wpcf7-f7500-o1\">\n<fieldset class=\"hidden-fields-container\"><input type=\"hidden\" name=\"_wpcf7\" value=\"7500\" \/><input type=\"hidden\" name=\"_wpcf7_version\" value=\"6.1.4\" \/><input type=\"hidden\" name=\"_wpcf7_locale\" value=\"pt_BR\" \/><input type=\"hidden\" name=\"_wpcf7_unit_tag\" value=\"wpcf7-f7500-o1\" \/><input type=\"hidden\" name=\"_wpcf7_container_post\" value=\"0\" \/><input type=\"hidden\" name=\"_wpcf7_posted_data_hash\" value=\"\" \/><input type=\"hidden\" name=\"_wpcf7_recaptcha_response\" value=\"\" \/>\n<\/fieldset>\n<div class=\"wpcf7-turnstile cf-turnstile\" data-sitekey=\"0x4AAAAAACsJD9B5ZAqfRLBh\" data-response-field-name=\"_wpcf7_turnstile_response\"><\/div>\n\n<p><label> Name<br \/>\n<span class=\"wpcf7-form-control-wrap\" data-name=\"nome\"><input size=\"40\" maxlength=\"400\" class=\"wpcf7-form-control wpcf7-text wpcf7-validates-as-required\" aria-required=\"true\" aria-invalid=\"false\" value=\"\" type=\"text\" name=\"nome\" \/><\/span> <\/label>\n<\/p>\n<p><label> Email<br \/>\n<span class=\"wpcf7-form-control-wrap\" data-name=\"email\"><input size=\"40\" maxlength=\"400\" class=\"wpcf7-form-control wpcf7-email wpcf7-validates-as-required wpcf7-text wpcf7-validates-as-email\" aria-required=\"true\" aria-invalid=\"false\" value=\"\" type=\"email\" name=\"email\" \/><\/span> <\/label>\n<\/p>\n<p><label> Company<br \/>\n<span class=\"wpcf7-form-control-wrap\" data-name=\"empresa\"><input size=\"40\" maxlength=\"400\" class=\"wpcf7-form-control wpcf7-text wpcf7-validates-as-required\" aria-required=\"true\" aria-invalid=\"false\" value=\"\" type=\"text\" name=\"empresa\" \/><\/span> <\/label>\n<\/p>\n<p><label> Country<br \/>\n<span class=\"wpcf7-form-control-wrap\" data-name=\"pais\"><input size=\"40\" maxlength=\"400\" class=\"wpcf7-form-control wpcf7-text wpcf7-validates-as-required\" aria-required=\"true\" aria-invalid=\"false\" value=\"\" type=\"text\" name=\"pais\" \/><\/span> <\/label>\n<\/p>\n<p>Responsibility for use<br \/>\n<span class=\"wpcf7-form-control-wrap\" data-name=\"responsabilidade\"><span class=\"wpcf7-form-control wpcf7-checkbox wpcf7-validates-as-required\"><span class=\"wpcf7-list-item first last\"><label><input type=\"checkbox\" name=\"responsabilidade[]\" value=\"Assumo total responsabilidade pelo uso que eu fizer dos arquivos.\" \/><span class=\"wpcf7-list-item-label\">I assume total responsibility for the use of the files.<\/span><\/label><\/span><\/span><\/span>\n<\/p>\n<p>Communication Consent:<br \/>\n<span class=\"wpcf7-form-control-wrap\" data-name=\"consentimento\"><span class=\"wpcf7-form-control wpcf7-checkbox\"><span class=\"wpcf7-list-item first last\"><label><input type=\"checkbox\" name=\"consentimento[]\" value=\"Eu concordo em receber comunica\u00e7\u00f5es personalizadas de acordo com meus interesses.\" \/><span class=\"wpcf7-list-item-label\">I agree to receive communications tailored to my interests.<\/span><\/label><\/span><\/span><\/span>\n<\/p>\n<input class=\"wpcf7-form-control wpcf7-hidden\" value=\"Shuttle DC 4.00\" type=\"hidden\" name=\"form-name\" \/>\n<p><input class=\"wpcf7-form-control wpcf7-submit has-spinner\" type=\"submit\" value=\"DOWNLOAD\" \/>\n<\/p><div class=\"wpcf7-response-output\" aria-hidden=\"true\"><\/div>\n<input type=\"hidden\" name=\"trp-form-language\" value=\"en\"\/><\/form>\n<\/div>\n\t\t\t<\/div>\n\n\t\t\t\t\t\t\t<\/div>\n\t\t\t\t<\/div>\n\t\t\t\t<div class=\"elementor-element elementor-element-aeff3fb elementor-widget elementor-widget-text-editor\" data-id=\"aeff3fb\" data-element_type=\"widget\" data-e-type=\"widget\" data-widget_type=\"text-editor.default\">\n\t\t\t\t<div class=\"elementor-widget-container\">\n\t\t\t\t\t\t\t\t\t<p><strong>Privacy Policy and Terms of Use: <\/strong>By informing my data I agree with the <a href=\"\/en\/novo-rotoline\/politica-de-privacidade-e-termos-de-uso\/\">Privacy Policy.<\/a><\/p>\t\t\t\t\t\t\t\t<\/div>\n\t\t\t\t<\/div>\n\t\t\t\t\t<\/div>\n\t\t<\/div>\n\t\t\t\t<div class=\"elementor-column elementor-col-33 elementor-top-column elementor-element elementor-element-a536101\" data-id=\"a536101\" data-element_type=\"column\" data-e-type=\"column\">\n\t\t\t<div class=\"elementor-widget-wrap\">\n\t\t\t\t\t\t\t<\/div>\n\t\t<\/div>\n\t\t\t\t\t<\/div>\n\t\t<\/section>\n\t\t\t\t<\/div>","protected":false},"excerpt":{"rendered":"<p>swing chart shuttle 4.00 Preencha para baixar o material Nome Email Empresa Responsabilidade de Uso ASSUMO TOTAL RESPONSABILIDADE PELO USO QUE EU FIZER DOS ARQUIVOS. Consentimento de Comunica\u00e7\u00e3o Eu concordo em receber comunica\u00e7\u00f5es personalizadas de acordo com meus interesses. Pol\u00edtica de Privacidade e Termos de Uso: Ao informar meus dados eu concordo com a Pol\u00edtica [&hellip;]<\/p>","protected":false},"author":9,"featured_media":0,"parent":0,"menu_order":0,"comment_status":"closed","ping_status":"closed","template":"elementor_header_footer","meta":{"footnotes":""},"class_list":["post-7512","page","type-page","status-publish","hentry"],"yoast_head":"<!-- This site is optimized with the Yoast SEO plugin v27.2 - https:\/\/yoast.com\/product\/yoast-seo-wordpress\/ -->\n<title>Swing Chart M\u00e1quina Shuttle 4.00 - Rotoline<\/title>\n<meta name=\"robots\" content=\"index, follow, max-snippet:-1, max-image-preview:large, max-video-preview:-1\" \/>\n<link rel=\"canonical\" href=\"https:\/\/www.rotoline.com\/en\/swing-chart-shuttle-4-00\/\" \/>\n<meta property=\"og:locale\" content=\"en_US\" \/>\n<meta property=\"og:type\" content=\"article\" \/>\n<meta property=\"og:title\" content=\"Swing Chart M\u00e1quina Shuttle 4.00 - Rotoline\" \/>\n<meta property=\"og:description\" content=\"swing chart shuttle 4.00 Preencha para baixar o material Nome Email Empresa Responsabilidade de Uso ASSUMO TOTAL RESPONSABILIDADE PELO USO QUE EU FIZER DOS ARQUIVOS. Consentimento de Comunica\u00e7\u00e3o Eu concordo em receber comunica\u00e7\u00f5es personalizadas de acordo com meus interesses. Pol\u00edtica de Privacidade e Termos de Uso: Ao informar meus dados eu concordo com a Pol\u00edtica [&hellip;]\" \/>\n<meta property=\"og:url\" content=\"https:\/\/www.rotoline.com\/en\/swing-chart-shuttle-4-00\/\" \/>\n<meta property=\"og:site_name\" content=\"Rotoline\" \/>\n<meta property=\"article:modified_time\" content=\"2023-03-14T17:18:07+00:00\" \/>\n<meta property=\"og:image\" content=\"http:\/\/www.rotoline.com\/wp-content\/uploads\/2022\/02\/Rotomolding-Shuttle-Rotoline-transp_.png?_t=1646850717\" \/>\n<meta name=\"twitter:card\" content=\"summary_large_image\" \/>\n<meta name=\"twitter:label1\" content=\"Est. reading time\" \/>\n\t<meta name=\"twitter:data1\" content=\"1 minute\" \/>\n<script type=\"application\/ld+json\" class=\"yoast-schema-graph\">{\"@context\":\"https:\/\/schema.org\",\"@graph\":[{\"@type\":\"WebPage\",\"@id\":\"https:\/\/www.rotoline.com\/en\/swing-chart-shuttle-4-00\/\",\"url\":\"https:\/\/www.rotoline.com\/en\/swing-chart-shuttle-4-00\/\",\"name\":\"Swing Chart M\u00e1quina Shuttle 4.00 - Rotoline\",\"isPartOf\":{\"@id\":\"https:\/\/www.rotoline.com\/br\/#website\"},\"primaryImageOfPage\":{\"@id\":\"https:\/\/www.rotoline.com\/en\/swing-chart-shuttle-4-00\/#primaryimage\"},\"image\":{\"@id\":\"https:\/\/www.rotoline.com\/en\/swing-chart-shuttle-4-00\/#primaryimage\"},\"thumbnailUrl\":\"http:\/\/www.rotoline.com\/wp-content\/uploads\/2022\/02\/Rotomolding-Shuttle-Rotoline-transp_.png?_t=1646850717\",\"datePublished\":\"2022-03-09T18:29:03+00:00\",\"dateModified\":\"2023-03-14T17:18:07+00:00\",\"breadcrumb\":{\"@id\":\"https:\/\/www.rotoline.com\/en\/swing-chart-shuttle-4-00\/#breadcrumb\"},\"inLanguage\":\"en-US\",\"potentialAction\":[{\"@type\":\"ReadAction\",\"target\":[\"https:\/\/www.rotoline.com\/en\/swing-chart-shuttle-4-00\/\"]}]},{\"@type\":\"ImageObject\",\"inLanguage\":\"en-US\",\"@id\":\"https:\/\/www.rotoline.com\/en\/swing-chart-shuttle-4-00\/#primaryimage\",\"url\":\"http:\/\/www.rotoline.com\/wp-content\/uploads\/2022\/02\/Rotomolding-Shuttle-Rotoline-transp_.png?_t=1646850717\",\"contentUrl\":\"http:\/\/www.rotoline.com\/wp-content\/uploads\/2022\/02\/Rotomolding-Shuttle-Rotoline-transp_.png?_t=1646850717\"},{\"@type\":\"BreadcrumbList\",\"@id\":\"https:\/\/www.rotoline.com\/en\/swing-chart-shuttle-4-00\/#breadcrumb\",\"itemListElement\":[{\"@type\":\"ListItem\",\"position\":1,\"name\":\"In\u00edcio\",\"item\":\"https:\/\/www.rotoline.com\/br\/\"},{\"@type\":\"ListItem\",\"position\":2,\"name\":\"Swing Chart M\u00e1quina Shuttle 4.00\"}]},{\"@type\":\"WebSite\",\"@id\":\"https:\/\/www.rotoline.com\/br\/#website\",\"url\":\"https:\/\/www.rotoline.com\/br\/\",\"name\":\"Rotoline\",\"description\":\"Tecnologia que molda inova\u00e7\u00e3o\",\"publisher\":{\"@id\":\"https:\/\/www.rotoline.com\/br\/#organization\"},\"potentialAction\":[{\"@type\":\"SearchAction\",\"target\":{\"@type\":\"EntryPoint\",\"urlTemplate\":\"https:\/\/www.rotoline.com\/br\/?s={search_term_string}\"},\"query-input\":{\"@type\":\"PropertyValueSpecification\",\"valueRequired\":true,\"valueName\":\"search_term_string\"}}],\"inLanguage\":\"en-US\"},{\"@type\":\"Organization\",\"@id\":\"https:\/\/www.rotoline.com\/br\/#organization\",\"name\":\"Rotoline\",\"url\":\"https:\/\/www.rotoline.com\/br\/\",\"logo\":{\"@type\":\"ImageObject\",\"inLanguage\":\"en-US\",\"@id\":\"https:\/\/www.rotoline.com\/br\/#\/schema\/logo\/image\/\",\"url\":\"http:\/\/www.rotoline.com\/wp-content\/uploads\/2020\/01\/logo-rotoline-pt-1.png\",\"contentUrl\":\"http:\/\/www.rotoline.com\/wp-content\/uploads\/2020\/01\/logo-rotoline-pt-1.png\",\"width\":200,\"height\":69,\"caption\":\"Rotoline\"},\"image\":{\"@id\":\"https:\/\/www.rotoline.com\/br\/#\/schema\/logo\/image\/\"},\"sameAs\":[\"https:\/\/www.linkedin.com\/company\/rotoline\",\"https:\/\/br.pinterest.com\/rmquinas\",\"https:\/\/www.youtube.com\/channel\/UCbvp8TXGEXDfLe2govM_0Qw\"]}]}<\/script>\n<!-- \/ Yoast SEO plugin. -->","yoast_head_json":{"title":"Swing Chart M\u00e1quina Shuttle 4.00 - Rotoline","robots":{"index":"index","follow":"follow","max-snippet":"max-snippet:-1","max-image-preview":"max-image-preview:large","max-video-preview":"max-video-preview:-1"},"canonical":"https:\/\/www.rotoline.com\/en\/swing-chart-shuttle-4-00\/","og_locale":"en_US","og_type":"article","og_title":"Swing Chart M\u00e1quina Shuttle 4.00 - Rotoline","og_description":"swing chart shuttle 4.00 Preencha para baixar o material Nome Email Empresa Responsabilidade de Uso ASSUMO TOTAL RESPONSABILIDADE PELO USO QUE EU FIZER DOS ARQUIVOS. Consentimento de Comunica\u00e7\u00e3o Eu concordo em receber comunica\u00e7\u00f5es personalizadas de acordo com meus interesses. Pol\u00edtica de Privacidade e Termos de Uso: Ao informar meus dados eu concordo com a Pol\u00edtica [&hellip;]","og_url":"https:\/\/www.rotoline.com\/en\/swing-chart-shuttle-4-00\/","og_site_name":"Rotoline","article_modified_time":"2023-03-14T17:18:07+00:00","og_image":[{"url":"http:\/\/www.rotoline.com\/wp-content\/uploads\/2022\/02\/Rotomolding-Shuttle-Rotoline-transp_.png?_t=1646850717","type":"","width":"","height":""}],"twitter_card":"summary_large_image","twitter_misc":{"Est. reading time":"1 minute"},"schema":{"@context":"https:\/\/schema.org","@graph":[{"@type":"WebPage","@id":"https:\/\/www.rotoline.com\/en\/swing-chart-shuttle-4-00\/","url":"https:\/\/www.rotoline.com\/en\/swing-chart-shuttle-4-00\/","name":"Swing Chart M\u00e1quina Shuttle 4.00 - Rotoline","isPartOf":{"@id":"https:\/\/www.rotoline.com\/br\/#website"},"primaryImageOfPage":{"@id":"https:\/\/www.rotoline.com\/en\/swing-chart-shuttle-4-00\/#primaryimage"},"image":{"@id":"https:\/\/www.rotoline.com\/en\/swing-chart-shuttle-4-00\/#primaryimage"},"thumbnailUrl":"http:\/\/www.rotoline.com\/wp-content\/uploads\/2022\/02\/Rotomolding-Shuttle-Rotoline-transp_.png?_t=1646850717","datePublished":"2022-03-09T18:29:03+00:00","dateModified":"2023-03-14T17:18:07+00:00","breadcrumb":{"@id":"https:\/\/www.rotoline.com\/en\/swing-chart-shuttle-4-00\/#breadcrumb"},"inLanguage":"en-US","potentialAction":[{"@type":"ReadAction","target":["https:\/\/www.rotoline.com\/en\/swing-chart-shuttle-4-00\/"]}]},{"@type":"ImageObject","inLanguage":"en-US","@id":"https:\/\/www.rotoline.com\/en\/swing-chart-shuttle-4-00\/#primaryimage","url":"http:\/\/www.rotoline.com\/wp-content\/uploads\/2022\/02\/Rotomolding-Shuttle-Rotoline-transp_.png?_t=1646850717","contentUrl":"http:\/\/www.rotoline.com\/wp-content\/uploads\/2022\/02\/Rotomolding-Shuttle-Rotoline-transp_.png?_t=1646850717"},{"@type":"BreadcrumbList","@id":"https:\/\/www.rotoline.com\/en\/swing-chart-shuttle-4-00\/#breadcrumb","itemListElement":[{"@type":"ListItem","position":1,"name":"In\u00edcio","item":"https:\/\/www.rotoline.com\/br\/"},{"@type":"ListItem","position":2,"name":"Swing Chart M\u00e1quina Shuttle 4.00"}]},{"@type":"WebSite","@id":"https:\/\/www.rotoline.com\/br\/#website","url":"https:\/\/www.rotoline.com\/br\/","name":"Rotoline","description":"Tecnologia que molda inova\u00e7\u00e3o","publisher":{"@id":"https:\/\/www.rotoline.com\/br\/#organization"},"potentialAction":[{"@type":"SearchAction","target":{"@type":"EntryPoint","urlTemplate":"https:\/\/www.rotoline.com\/br\/?s={search_term_string}"},"query-input":{"@type":"PropertyValueSpecification","valueRequired":true,"valueName":"search_term_string"}}],"inLanguage":"en-US"},{"@type":"Organization","@id":"https:\/\/www.rotoline.com\/br\/#organization","name":"Rotoline","url":"https:\/\/www.rotoline.com\/br\/","logo":{"@type":"ImageObject","inLanguage":"en-US","@id":"https:\/\/www.rotoline.com\/br\/#\/schema\/logo\/image\/","url":"http:\/\/www.rotoline.com\/wp-content\/uploads\/2020\/01\/logo-rotoline-pt-1.png","contentUrl":"http:\/\/www.rotoline.com\/wp-content\/uploads\/2020\/01\/logo-rotoline-pt-1.png","width":200,"height":69,"caption":"Rotoline"},"image":{"@id":"https:\/\/www.rotoline.com\/br\/#\/schema\/logo\/image\/"},"sameAs":["https:\/\/www.linkedin.com\/company\/rotoline","https:\/\/br.pinterest.com\/rmquinas","https:\/\/www.youtube.com\/channel\/UCbvp8TXGEXDfLe2govM_0Qw"]}]}},"_links":{"self":[{"href":"https:\/\/www.rotoline.com\/en\/wp-json\/wp\/v2\/pages\/7512","targetHints":{"allow":["GET"]}}],"collection":[{"href":"https:\/\/www.rotoline.com\/en\/wp-json\/wp\/v2\/pages"}],"about":[{"href":"https:\/\/www.rotoline.com\/en\/wp-json\/wp\/v2\/types\/page"}],"author":[{"embeddable":true,"href":"https:\/\/www.rotoline.com\/en\/wp-json\/wp\/v2\/users\/9"}],"replies":[{"embeddable":true,"href":"https:\/\/www.rotoline.com\/en\/wp-json\/wp\/v2\/comments?post=7512"}],"version-history":[{"count":5,"href":"https:\/\/www.rotoline.com\/en\/wp-json\/wp\/v2\/pages\/7512\/revisions"}],"predecessor-version":[{"id":8664,"href":"https:\/\/www.rotoline.com\/en\/wp-json\/wp\/v2\/pages\/7512\/revisions\/8664"}],"wp:attachment":[{"href":"https:\/\/www.rotoline.com\/en\/wp-json\/wp\/v2\/media?parent=7512"}],"curies":[{"name":"wp","href":"https:\/\/api.w.org\/{rel}","templated":true}]}}