{"id":6865,"date":"2021-11-01T17:49:27","date_gmt":"2021-11-01T20:49:27","guid":{"rendered":"http:\/\/www.rotoline.com\/?page_id=6865"},"modified":"2025-04-02T11:52:37","modified_gmt":"2025-04-02T14:52:37","slug":"trabalhe-conosco","status":"publish","type":"page","link":"https:\/\/www.rotoline.com\/en\/work-with-us-2\/","title":{"rendered":"Work With Us"},"content":{"rendered":"<div data-elementor-type=\"wp-page\" data-elementor-id=\"6865\" class=\"elementor elementor-6865\" data-elementor-post-type=\"page\">\n\t\t\t\t\t\t<section class=\"elementor-section elementor-top-section elementor-element elementor-element-2a0b3c57 elementor-section-height-min-height elementor-section-items-top elementor-section-boxed elementor-section-height-default\" data-id=\"2a0b3c57\" data-element_type=\"section\" data-e-type=\"section\" data-settings=\"{&quot;background_background&quot;:&quot;classic&quot;}\">\n\t\t\t\t\t\t\t<div class=\"elementor-background-overlay\"><\/div>\n\t\t\t\t\t\t\t<div class=\"elementor-container elementor-column-gap-default\">\n\t\t\t\t\t<div class=\"elementor-column elementor-col-50 elementor-top-column elementor-element elementor-element-46152478\" data-id=\"46152478\" data-element_type=\"column\" data-e-type=\"column\" data-settings=\"{&quot;animation&quot;:&quot;none&quot;}\">\n\t\t\t<div class=\"elementor-widget-wrap elementor-element-populated\">\n\t\t\t\t\t\t<div class=\"elementor-element elementor-element-129b690f elementor-widget elementor-widget-text-editor\" data-id=\"129b690f\" data-element_type=\"widget\" data-e-type=\"widget\" data-widget_type=\"text-editor.default\">\n\t\t\t\t<div class=\"elementor-widget-container\">\n\t\t\t\t\t\t\t\t\t<p>Be part of<\/p>\t\t\t\t\t\t\t\t<\/div>\n\t\t\t\t<\/div>\n\t\t\t\t<div class=\"elementor-element elementor-element-ee0139d elementor-widget elementor-widget-heading\" data-id=\"ee0139d\" data-element_type=\"widget\" data-e-type=\"widget\" data-widget_type=\"heading.default\">\n\t\t\t\t<div class=\"elementor-widget-container\">\n\t\t\t\t\t<h1 class=\"elementor-heading-title elementor-size-default\">the team <br>\nthat shapes <br>\ninnovation<\/h1>\t\t\t\t<\/div>\n\t\t\t\t<\/div>\n\t\t\t\t<div class=\"elementor-element elementor-element-e3d81f5 elementor-mobile-align-center elementor-align-left elementor-widget elementor-widget-button\" data-id=\"e3d81f5\" data-element_type=\"widget\" data-e-type=\"widget\" data-widget_type=\"button.default\">\n\t\t\t\t<div class=\"elementor-widget-container\">\n\t\t\t\t\t\t\t\t\t<div class=\"elementor-button-wrapper\">\n\t\t\t\t\t<a class=\"elementor-button elementor-button-link elementor-size-sm elementor-animation-grow\" href=\"#link-form\">\n\t\t\t\t\t\t<span class=\"elementor-button-content-wrapper\">\n\t\t\t\t\t\t\t\t\t<span class=\"elementor-button-text\">REGISTER CURRICULUM<\/span>\n\t\t\t\t\t<\/span>\n\t\t\t\t\t<\/a>\n\t\t\t\t<\/div>\n\t\t\t\t\t\t\t\t<\/div>\n\t\t\t\t<\/div>\n\t\t\t\t\t<\/div>\n\t\t<\/div>\n\t\t\t\t<div class=\"elementor-column elementor-col-50 elementor-top-column elementor-element elementor-element-54a38582\" data-id=\"54a38582\" data-element_type=\"column\" data-e-type=\"column\">\n\t\t\t<div class=\"elementor-widget-wrap\">\n\t\t\t\t\t\t\t<\/div>\n\t\t<\/div>\n\t\t\t\t\t<\/div>\n\t\t<\/section>\n\t\t\t\t<section class=\"elementor-section elementor-top-section elementor-element elementor-element-c1795da elementor-section-boxed elementor-section-height-default elementor-section-height-default\" data-id=\"c1795da\" data-element_type=\"section\" data-e-type=\"section\" data-settings=\"{&quot;background_background&quot;:&quot;classic&quot;}\">\n\t\t\t\t\t\t<div class=\"elementor-container elementor-column-gap-default\">\n\t\t\t\t\t<div class=\"elementor-column elementor-col-100 elementor-top-column elementor-element elementor-element-7c67a68f\" data-id=\"7c67a68f\" data-element_type=\"column\" data-e-type=\"column\">\n\t\t\t<div class=\"elementor-widget-wrap elementor-element-populated\">\n\t\t\t\t\t\t<div class=\"elementor-element elementor-element-38f096d elementor-cta--layout-image-left elementor-cta--mobile-layout-image-above elementor-cta--skin-classic elementor-animated-content elementor-widget elementor-widget-call-to-action\" data-id=\"38f096d\" data-element_type=\"widget\" data-e-type=\"widget\" data-widget_type=\"call-to-action.default\">\n\t\t\t\t<div class=\"elementor-widget-container\">\n\t\t\t\t\t\t\t<div class=\"elementor-cta\">\n\t\t\t\t\t\t\t<div class=\"elementor-cta__content\">\n\t\t\t\t\n\t\t\t\t\t\t\t\t\t<h2 class=\"elementor-cta__title elementor-cta__content-item elementor-content-item\">\n\t\t\t\t\t\tYOU ON THE SPOTLIGHT\t\t\t\t\t<\/h2>\n\t\t\t\t\n\t\t\t\t\t\t\t\t\t<div class=\"elementor-cta__description elementor-cta__content-item elementor-content-item\">\n\t\t\t\t\t\tRotoline has been a competitor in the rotational molding market for over 20 years with a unique history in the industry.  Currently, our company operates on 5 continents, with a branch in the United States and sales representatives in Europe. <br><br>\n\nOur commitment is to create innovations for the rotational molding market, while providing some of the most robust, efficient and state-of- the-art technologies. In addition to incredible machines, Rotoline provides it\u2019s customers with exceptional service, from the beginning of the process to when are running parts. \t\t\t\t\t<\/div>\n\t\t\t\t\n\t\t\t\t\t\t\t\t\t<div class=\"elementor-cta__button-wrapper elementor-cta__content-item elementor-content-item\">\n\t\t\t\t\t<a class=\"elementor-cta__button elementor-button elementor-size-\" href=\"#link-form\">\n\t\t\t\t\t\tREGISTER CURRICULUM\t\t\t\t\t<\/a>\n\t\t\t\t\t<\/div>\n\t\t\t\t\t\t\t<\/div>\n\t\t\t\t\t\t<\/div>\n\t\t\t\t\t\t<\/div>\n\t\t\t\t<\/div>\n\t\t\t\t<div class=\"elementor-element elementor-element-ef6a4c6 elementor-widget elementor-widget-video\" data-id=\"ef6a4c6\" data-element_type=\"widget\" data-e-type=\"widget\" data-settings=\"{&quot;youtube_url&quot;:&quot;https:\\\/\\\/www.youtube.com\\\/watch?v=VfXx-lgA06E&amp;t=2s&quot;,&quot;video_type&quot;:&quot;youtube&quot;,&quot;controls&quot;:&quot;yes&quot;}\" data-widget_type=\"video.default\">\n\t\t\t\t<div class=\"elementor-widget-container\">\n\t\t\t\t\t\t\t<div class=\"elementor-wrapper elementor-open-inline\">\n\t\t\t<div class=\"elementor-video\"><\/div>\t\t<\/div>\n\t\t\t\t\t\t<\/div>\n\t\t\t\t<\/div>\n\t\t\t\t\t<\/div>\n\t\t<\/div>\n\t\t\t\t\t<\/div>\n\t\t<\/section>\n\t\t\t\t<section class=\"elementor-section elementor-top-section elementor-element elementor-element-7b9b1b0 elementor-section-full_width elementor-section-height-default elementor-section-height-default\" data-id=\"7b9b1b0\" data-element_type=\"section\" data-e-type=\"section\">\n\t\t\t\t\t\t<div class=\"elementor-container elementor-column-gap-default\">\n\t\t\t\t\t<div class=\"elementor-column elementor-col-100 elementor-top-column elementor-element elementor-element-96f74f0\" data-id=\"96f74f0\" data-element_type=\"column\" data-e-type=\"column\">\n\t\t\t<div class=\"elementor-widget-wrap elementor-element-populated\">\n\t\t\t\t\t\t<div class=\"elementor-element elementor-element-b9263d9 elementor-cta--layout-image-right elementor-cta--mobile-layout-image-above elementor-cta--skin-classic elementor-animated-content elementor-widget elementor-widget-call-to-action\" data-id=\"b9263d9\" data-element_type=\"widget\" data-e-type=\"widget\" data-widget_type=\"call-to-action.default\">\n\t\t\t\t<div class=\"elementor-widget-container\">\n\t\t\t\t\t\t\t<div class=\"elementor-cta\">\n\t\t\t\t\t<div class=\"elementor-cta__bg-wrapper\">\n\t\t\t\t<div class=\"elementor-cta__bg elementor-bg\" style=\"background-image: url(https:\/\/www.rotoline.com\/wp-content\/uploads\/2021\/10\/Trabalhe-na-Robustec-temos-vagas_04.jpg);\" role=\"img\" aria-label=\"Trabalhe-na-Robustec-temos-vagas_04\"><\/div>\n\t\t\t\t<div class=\"elementor-cta__bg-overlay\"><\/div>\n\t\t\t<\/div>\n\t\t\t\t\t\t\t<div class=\"elementor-cta__content\">\n\t\t\t\t\n\t\t\t\t\t\t\t\t\t<h2 class=\"elementor-cta__title elementor-cta__content-item elementor-content-item\">\n\t\t\t\t\t\tJoin us!\t\t\t\t\t<\/h2>\n\t\t\t\t\n\t\t\t\t\t\t\t\t\t<div class=\"elementor-cta__description elementor-cta__content-item elementor-content-item\">\n\t\t\t\t\t\tRotoline needs you! Be part of the future that drives rotational molding. Consolidate your career in a company that offers unprecedented solutions and is well-known in the international market.  <br> <br>\n\nIf you, just like us, are driven by challenges and believe that technology shapes innovations, come join our team.\t\t\t\t\t<\/div>\n\t\t\t\t\n\t\t\t\t\t\t\t\t\t<div class=\"elementor-cta__button-wrapper elementor-cta__content-item elementor-content-item\">\n\t\t\t\t\t<a class=\"elementor-cta__button elementor-button elementor-size-\" href=\"#link-form\">\n\t\t\t\t\t\tREGISTER CURRICULUM\t\t\t\t\t<\/a>\n\t\t\t\t\t<\/div>\n\t\t\t\t\t\t\t<\/div>\n\t\t\t\t\t\t<\/div>\n\t\t\t\t\t\t<\/div>\n\t\t\t\t<\/div>\n\t\t\t\t\t<\/div>\n\t\t<\/div>\n\t\t\t\t\t<\/div>\n\t\t<\/section>\n\t\t\t\t<section class=\"elementor-section elementor-top-section elementor-element elementor-element-1e6859f elementor-section-full_width elementor-section-height-min-height elementor-section-height-default elementor-section-items-middle\" data-id=\"1e6859f\" data-element_type=\"section\" data-e-type=\"section\" id=\"link-form\" data-settings=\"{&quot;background_background&quot;:&quot;classic&quot;}\">\n\t\t\t\t\t\t<div class=\"elementor-container elementor-column-gap-default\">\n\t\t\t\t\t<div class=\"elementor-column elementor-col-100 elementor-top-column elementor-element elementor-element-6c574b3\" data-id=\"6c574b3\" data-element_type=\"column\" data-e-type=\"column\">\n\t\t\t<div class=\"elementor-widget-wrap elementor-element-populated\">\n\t\t\t\t\t\t<div class=\"elementor-element elementor-element-e458b1e elementor-widget elementor-widget-text-editor\" data-id=\"e458b1e\" data-element_type=\"widget\" data-e-type=\"widget\" data-widget_type=\"text-editor.default\">\n\t\t\t\t<div class=\"elementor-widget-container\">\n\t\t\t\t\t\t\t\t\tCreate your future <br> right now\t\t\t\t\t\t\t\t<\/div>\n\t\t\t\t<\/div>\n\t\t\t\t<div class=\"elementor-element elementor-element-052dd66 elementor-widget elementor-widget-text-editor\" data-id=\"052dd66\" data-element_type=\"widget\" data-e-type=\"widget\" data-widget_type=\"text-editor.default\">\n\t\t\t\t<div class=\"elementor-widget-container\">\n\t\t\t\t\t\t\t\t\t<p>Preencha para enviar o seu curr\u00edculo<\/p>\t\t\t\t\t\t\t\t<\/div>\n\t\t\t\t<\/div>\n\t\t\t\t<section class=\"elementor-section elementor-inner-section elementor-element elementor-element-a39f078 elementor-section-boxed elementor-section-height-default elementor-section-height-default\" data-id=\"a39f078\" data-element_type=\"section\" data-e-type=\"section\">\n\t\t\t\t\t\t<div class=\"elementor-container elementor-column-gap-default\">\n\t\t\t\t\t<div class=\"elementor-column elementor-col-100 elementor-inner-column elementor-element elementor-element-7f69a20\" data-id=\"7f69a20\" data-element_type=\"column\" data-e-type=\"column\">\n\t\t\t<div class=\"elementor-widget-wrap elementor-element-populated\">\n\t\t\t\t\t\t<div class=\"elementor-element elementor-element-b1f5982 premium-cf7-button-fwidth-yes elementor-widget elementor-widget-premium-contact-form\" data-id=\"b1f5982\" data-element_type=\"widget\" data-e-type=\"widget\" data-widget_type=\"premium-contact-form.default\">\n\t\t\t\t<div class=\"elementor-widget-container\">\n\t\t\t\t\t\n\t\t\t\n\t\t\t<div class=\"premium-cf7-container\" data-settings=\"{&quot;fields_glass&quot;:&quot;none&quot;,&quot;submit_glass&quot;:&quot;none&quot;}\">\n\t\t\t\t\n<div class=\"wpcf7 no-js\" id=\"wpcf7-f5423-o1\" lang=\"pt-BR\" dir=\"ltr\" data-wpcf7-id=\"5423\">\n<div class=\"screen-reader-response\"><p role=\"status\" aria-live=\"polite\" aria-atomic=\"true\"><\/p> <ul><\/ul><\/div>\n<form action=\"\/en\/wp-json\/wp\/v2\/pages\/6865#wpcf7-f5423-o1\" method=\"post\" class=\"wpcf7-form init\" aria-label=\"Formul\u00e1rios de contato\" enctype=\"multipart\/form-data\" novalidate=\"novalidate\" data-status=\"init\" data-trp-original-action=\"\/en\/wp-json\/wp\/v2\/pages\/6865#wpcf7-f5423-o1\">\n<fieldset class=\"hidden-fields-container\"><input type=\"hidden\" name=\"_wpcf7\" value=\"5423\" \/><input type=\"hidden\" name=\"_wpcf7_version\" value=\"6.1.4\" \/><input type=\"hidden\" name=\"_wpcf7_locale\" value=\"pt_BR\" \/><input type=\"hidden\" name=\"_wpcf7_unit_tag\" value=\"wpcf7-f5423-o1\" \/><input type=\"hidden\" name=\"_wpcf7_container_post\" value=\"0\" \/><input type=\"hidden\" name=\"_wpcf7_posted_data_hash\" value=\"\" \/><input type=\"hidden\" name=\"_wpcf7_recaptcha_response\" value=\"\" \/>\n<\/fieldset>\n<div class=\"wpcf7-turnstile cf-turnstile\" data-sitekey=\"0x4AAAAAACsJD9B5ZAqfRLBh\" data-response-field-name=\"_wpcf7_turnstile_response\"><\/div>\n\n<p><label> Name<br \/>\n<span class=\"wpcf7-form-control-wrap\" data-name=\"nome\"><input size=\"40\" maxlength=\"400\" class=\"wpcf7-form-control wpcf7-text wpcf7-validates-as-required\" aria-required=\"true\" aria-invalid=\"false\" value=\"\" type=\"text\" name=\"nome\" \/><\/span> <\/label>\n<\/p>\n<p><label> Email<br \/>\n<span class=\"wpcf7-form-control-wrap\" data-name=\"email\"><input size=\"40\" maxlength=\"400\" class=\"wpcf7-form-control wpcf7-email wpcf7-validates-as-required wpcf7-text wpcf7-validates-as-email\" aria-required=\"true\" aria-invalid=\"false\" value=\"\" type=\"email\" name=\"email\" \/><\/span> <\/label>\n<\/p>\n<p><label> Telefone com DDD<br \/>\n<span class=\"wpcf7-form-control-wrap\" data-name=\"telefone\"><input size=\"40\" maxlength=\"400\" class=\"wpcf7-form-control wpcf7-tel wpcf7-validates-as-required wpcf7-text wpcf7-validates-as-tel\" aria-required=\"true\" aria-invalid=\"false\" value=\"\" type=\"tel\" name=\"telefone\" \/><\/span> <\/label>\n<\/p>\n<p><label> \u00c1rea de Interese<br \/>\n<span class=\"wpcf7-form-control-wrap\" data-name=\"interesse\"><select class=\"wpcf7-form-control wpcf7-select wpcf7-validates-as-required\" aria-required=\"true\" aria-invalid=\"false\" name=\"interesse\"><option value=\"\">&#8212;Escolha uma op\u00e7\u00e3o&#8212;<\/option><option value=\"Administrativo\">Administrativo<\/option><option value=\"Almoxarifado\">Almoxarifado<\/option><option value=\"Assist\u00eancia t\u00e9cnica\">Technical assistance<\/option><option value=\"Automa\u00e7\u00e3o\">Complete<\/option><option value=\"Comercial\">Comercial<\/option><option value=\"El\u00e9trica\">El\u00e9trica<\/option><option value=\"Engenharia\">Engenharia<\/option><option value=\"Jato\">Jato<\/option><option value=\"Marcenaria\">Marcenaria<\/option><option value=\"Marketing\">Marketing<\/option><option value=\"Montagem\">ASSEMBLY<\/option><option value=\"PCP\">PCP<\/option><option value=\"Pintura\">Pintura<\/option><option value=\"Pr\u00e9-montagem\">Pr\u00e9-montagem<\/option><option value=\"Recursos Humanos\">Recursos Humanos<\/option><option value=\"Recep\u00e7\u00e3o\">Recep\u00e7\u00e3o<\/option><option value=\"Solda\">Solda<\/option><option value=\"T.I\">T.I<\/option><option value=\"Usinagem\">Usinagem<\/option><\/select><\/span> <\/label>\n<\/p>\n<p><label> Description<br \/>\n<span class=\"wpcf7-form-control-wrap\" data-name=\"consideracoes\"><textarea cols=\"40\" rows=\"3\" maxlength=\"2000\" class=\"wpcf7-form-control wpcf7-textarea wpcf7-validates-as-required\" aria-required=\"true\" aria-invalid=\"false\" name=\"consideracoes\"><\/textarea><\/span> <\/label>\n<\/p>\n<p><span class=\"wpcf7-form-control-wrap\" data-name=\"curriculo\"><input size=\"40\" class=\"wpcf7-form-control wpcf7-file wpcf7-validates-as-required\" accept=\".doc,.pdf,.jpg,.png\" aria-required=\"true\" aria-invalid=\"false\" type=\"file\" name=\"curriculo\" \/><\/span>\n<\/p>\n<p>Communication Consent:<br \/>\n<span class=\"wpcf7-form-control-wrap\" data-name=\"consentimento\"><span class=\"wpcf7-form-control wpcf7-checkbox\"><span class=\"wpcf7-list-item first last\"><label><input type=\"checkbox\" name=\"consentimento[]\" value=\"Eu concordo em receber comunica\u00e7\u00f5es personalizadas de acordo com meus interesses.\" \/><span class=\"wpcf7-list-item-label\">I agree to receive communications tailored to my interests.<\/span><\/label><\/span><\/span><\/span>\n<\/p>\n<input class=\"wpcf7-form-control wpcf7-hidden\" value=\"Pagina-Trabalhe-Conosco\" type=\"hidden\" name=\"form-name\" \/>\n<p><input class=\"wpcf7-form-control wpcf7-submit has-spinner\" type=\"submit\" value=\"SEND\" \/>\n<\/p><div class=\"wpcf7-response-output\" aria-hidden=\"true\"><\/div>\n<input type=\"hidden\" name=\"trp-form-language\" value=\"en\"\/><\/form>\n<\/div>\n\t\t\t<\/div>\n\n\t\t\t\t\t\t\t<\/div>\n\t\t\t\t<\/div>\n\t\t\t\t\t<\/div>\n\t\t<\/div>\n\t\t\t\t\t<\/div>\n\t\t<\/section>\n\t\t\t\t\t<\/div>\n\t\t<\/div>\n\t\t\t\t\t<\/div>\n\t\t<\/section>\n\t\t\t\t<\/div>","protected":false},"excerpt":{"rendered":"<p>Fa\u00e7a parte da equipe que molda inova\u00e7\u00e3o CADASTRAR CURR\u00cdCULO VOC\u00ca EM DESTAQUE A Rotoline \u00e9 refer\u00eancia no mercado de rotomoldagem h\u00e1 mais de 20 anos com uma hist\u00f3ria \u00fanica no setor. Atualmente, nossa empresa atua nos 5 continentes, com uma filial nos Estados Unidos e representantes de vendas na Europa. Nosso maior compromisso \u00e9 inovar [&hellip;]<\/p>","protected":false},"author":14,"featured_media":0,"parent":0,"menu_order":0,"comment_status":"closed","ping_status":"closed","template":"elementor_header_footer","meta":{"footnotes":""},"class_list":["post-6865","page","type-page","status-publish","hentry"],"yoast_head":"<!-- This site is optimized with the Yoast SEO plugin v27.2 - https:\/\/yoast.com\/product\/yoast-seo-wordpress\/ -->\n<title>Trabalhe Conosco - Rotoline<\/title>\n<meta name=\"description\" content=\"M\u00e1quinas de Rotomoldagem, m\u00e1quinas de rotomoldagem para tanques, brinquedos em pl\u00e1stico, fabricar em pl\u00e1stico, bra\u00e7os independentes\" \/>\n<meta name=\"robots\" content=\"index, follow, max-snippet:-1, max-image-preview:large, max-video-preview:-1\" \/>\n<link rel=\"canonical\" href=\"https:\/\/www.rotoline.com\/en\/work-with-us-2\/\" \/>\n<meta property=\"og:locale\" content=\"en_US\" \/>\n<meta property=\"og:type\" content=\"article\" \/>\n<meta property=\"og:title\" content=\"Trabalhe Conosco - Rotoline\" \/>\n<meta property=\"og:description\" content=\"M\u00e1quinas de Rotomoldagem, m\u00e1quinas de rotomoldagem para tanques, brinquedos em pl\u00e1stico, fabricar em pl\u00e1stico, bra\u00e7os independentes\" \/>\n<meta property=\"og:url\" content=\"https:\/\/www.rotoline.com\/en\/work-with-us-2\/\" \/>\n<meta property=\"og:site_name\" content=\"Rotoline\" \/>\n<meta property=\"article:modified_time\" content=\"2025-04-02T14:52:37+00:00\" \/>\n<meta name=\"twitter:card\" content=\"summary_large_image\" \/>\n<meta name=\"twitter:label1\" content=\"Est. reading time\" \/>\n\t<meta name=\"twitter:data1\" content=\"2 minutes\" \/>\n<script type=\"application\/ld+json\" class=\"yoast-schema-graph\">{\"@context\":\"https:\/\/schema.org\",\"@graph\":[{\"@type\":\"WebPage\",\"@id\":\"https:\/\/www.rotoline.com\/en\/work-with-us-2\/\",\"url\":\"https:\/\/www.rotoline.com\/en\/work-with-us-2\/\",\"name\":\"Trabalhe Conosco - Rotoline\",\"isPartOf\":{\"@id\":\"https:\/\/www.rotoline.com\/en\/#website\"},\"datePublished\":\"2021-11-01T20:49:27+00:00\",\"dateModified\":\"2025-04-02T14:52:37+00:00\",\"description\":\"M\u00e1quinas de Rotomoldagem, m\u00e1quinas de rotomoldagem para tanques, brinquedos em pl\u00e1stico, fabricar em pl\u00e1stico, bra\u00e7os independentes\",\"breadcrumb\":{\"@id\":\"https:\/\/www.rotoline.com\/en\/work-with-us-2\/#breadcrumb\"},\"inLanguage\":\"en-US\",\"potentialAction\":[{\"@type\":\"ReadAction\",\"target\":[\"https:\/\/www.rotoline.com\/en\/work-with-us-2\/\"]}]},{\"@type\":\"BreadcrumbList\",\"@id\":\"https:\/\/www.rotoline.com\/en\/work-with-us-2\/#breadcrumb\",\"itemListElement\":[{\"@type\":\"ListItem\",\"position\":1,\"name\":\"In\u00edcio\",\"item\":\"https:\/\/www.rotoline.com\/br\/\"},{\"@type\":\"ListItem\",\"position\":2,\"name\":\"Trabalhe Conosco\"}]},{\"@type\":\"WebSite\",\"@id\":\"https:\/\/www.rotoline.com\/en\/#website\",\"url\":\"https:\/\/www.rotoline.com\/en\/\",\"name\":\"Rotoline\",\"description\":\"Tecnologia que molda inova\u00e7\u00e3o\",\"publisher\":{\"@id\":\"https:\/\/www.rotoline.com\/en\/#organization\"},\"potentialAction\":[{\"@type\":\"SearchAction\",\"target\":{\"@type\":\"EntryPoint\",\"urlTemplate\":\"https:\/\/www.rotoline.com\/en\/?s={search_term_string}\"},\"query-input\":{\"@type\":\"PropertyValueSpecification\",\"valueRequired\":true,\"valueName\":\"search_term_string\"}}],\"inLanguage\":\"en-US\"},{\"@type\":\"Organization\",\"@id\":\"https:\/\/www.rotoline.com\/en\/#organization\",\"name\":\"Rotoline\",\"url\":\"https:\/\/www.rotoline.com\/en\/\",\"logo\":{\"@type\":\"ImageObject\",\"inLanguage\":\"en-US\",\"@id\":\"https:\/\/www.rotoline.com\/en\/#\/schema\/logo\/image\/\",\"url\":\"http:\/\/www.rotoline.com\/wp-content\/uploads\/2020\/01\/logo-rotoline-pt-1.png\",\"contentUrl\":\"http:\/\/www.rotoline.com\/wp-content\/uploads\/2020\/01\/logo-rotoline-pt-1.png\",\"width\":200,\"height\":69,\"caption\":\"Rotoline\"},\"image\":{\"@id\":\"https:\/\/www.rotoline.com\/en\/#\/schema\/logo\/image\/\"},\"sameAs\":[\"https:\/\/www.linkedin.com\/company\/rotoline\",\"https:\/\/br.pinterest.com\/rmquinas\",\"https:\/\/www.youtube.com\/channel\/UCbvp8TXGEXDfLe2govM_0Qw\"]}]}<\/script>\n<!-- \/ Yoast SEO plugin. -->","yoast_head_json":{"title":"Trabalhe Conosco - Rotoline","description":"M\u00e1quinas de Rotomoldagem, m\u00e1quinas de rotomoldagem para tanques, brinquedos em pl\u00e1stico, fabricar em pl\u00e1stico, bra\u00e7os independentes","robots":{"index":"index","follow":"follow","max-snippet":"max-snippet:-1","max-image-preview":"max-image-preview:large","max-video-preview":"max-video-preview:-1"},"canonical":"https:\/\/www.rotoline.com\/en\/work-with-us-2\/","og_locale":"en_US","og_type":"article","og_title":"Trabalhe Conosco - Rotoline","og_description":"M\u00e1quinas de Rotomoldagem, m\u00e1quinas de rotomoldagem para tanques, brinquedos em pl\u00e1stico, fabricar em pl\u00e1stico, bra\u00e7os independentes","og_url":"https:\/\/www.rotoline.com\/en\/work-with-us-2\/","og_site_name":"Rotoline","article_modified_time":"2025-04-02T14:52:37+00:00","twitter_card":"summary_large_image","twitter_misc":{"Est. reading time":"2 minutes"},"schema":{"@context":"https:\/\/schema.org","@graph":[{"@type":"WebPage","@id":"https:\/\/www.rotoline.com\/en\/work-with-us-2\/","url":"https:\/\/www.rotoline.com\/en\/work-with-us-2\/","name":"Trabalhe Conosco - Rotoline","isPartOf":{"@id":"https:\/\/www.rotoline.com\/en\/#website"},"datePublished":"2021-11-01T20:49:27+00:00","dateModified":"2025-04-02T14:52:37+00:00","description":"M\u00e1quinas de Rotomoldagem, m\u00e1quinas de rotomoldagem para tanques, brinquedos em pl\u00e1stico, fabricar em pl\u00e1stico, bra\u00e7os independentes","breadcrumb":{"@id":"https:\/\/www.rotoline.com\/en\/work-with-us-2\/#breadcrumb"},"inLanguage":"en-US","potentialAction":[{"@type":"ReadAction","target":["https:\/\/www.rotoline.com\/en\/work-with-us-2\/"]}]},{"@type":"BreadcrumbList","@id":"https:\/\/www.rotoline.com\/en\/work-with-us-2\/#breadcrumb","itemListElement":[{"@type":"ListItem","position":1,"name":"In\u00edcio","item":"https:\/\/www.rotoline.com\/br\/"},{"@type":"ListItem","position":2,"name":"Trabalhe Conosco"}]},{"@type":"WebSite","@id":"https:\/\/www.rotoline.com\/en\/#website","url":"https:\/\/www.rotoline.com\/en\/","name":"Rotoline","description":"Tecnologia que molda inova\u00e7\u00e3o","publisher":{"@id":"https:\/\/www.rotoline.com\/en\/#organization"},"potentialAction":[{"@type":"SearchAction","target":{"@type":"EntryPoint","urlTemplate":"https:\/\/www.rotoline.com\/en\/?s={search_term_string}"},"query-input":{"@type":"PropertyValueSpecification","valueRequired":true,"valueName":"search_term_string"}}],"inLanguage":"en-US"},{"@type":"Organization","@id":"https:\/\/www.rotoline.com\/en\/#organization","name":"Rotoline","url":"https:\/\/www.rotoline.com\/en\/","logo":{"@type":"ImageObject","inLanguage":"en-US","@id":"https:\/\/www.rotoline.com\/en\/#\/schema\/logo\/image\/","url":"http:\/\/www.rotoline.com\/wp-content\/uploads\/2020\/01\/logo-rotoline-pt-1.png","contentUrl":"http:\/\/www.rotoline.com\/wp-content\/uploads\/2020\/01\/logo-rotoline-pt-1.png","width":200,"height":69,"caption":"Rotoline"},"image":{"@id":"https:\/\/www.rotoline.com\/en\/#\/schema\/logo\/image\/"},"sameAs":["https:\/\/www.linkedin.com\/company\/rotoline","https:\/\/br.pinterest.com\/rmquinas","https:\/\/www.youtube.com\/channel\/UCbvp8TXGEXDfLe2govM_0Qw"]}]}},"_links":{"self":[{"href":"https:\/\/www.rotoline.com\/en\/wp-json\/wp\/v2\/pages\/6865","targetHints":{"allow":["GET"]}}],"collection":[{"href":"https:\/\/www.rotoline.com\/en\/wp-json\/wp\/v2\/pages"}],"about":[{"href":"https:\/\/www.rotoline.com\/en\/wp-json\/wp\/v2\/types\/page"}],"author":[{"embeddable":true,"href":"https:\/\/www.rotoline.com\/en\/wp-json\/wp\/v2\/users\/14"}],"replies":[{"embeddable":true,"href":"https:\/\/www.rotoline.com\/en\/wp-json\/wp\/v2\/comments?post=6865"}],"version-history":[{"count":46,"href":"https:\/\/www.rotoline.com\/en\/wp-json\/wp\/v2\/pages\/6865\/revisions"}],"predecessor-version":[{"id":11755,"href":"https:\/\/www.rotoline.com\/en\/wp-json\/wp\/v2\/pages\/6865\/revisions\/11755"}],"wp:attachment":[{"href":"https:\/\/www.rotoline.com\/en\/wp-json\/wp\/v2\/media?parent=6865"}],"curies":[{"name":"wp","href":"https:\/\/api.w.org\/{rel}","templated":true}]}}