{"id":2333,"date":"2020-08-12T22:11:33","date_gmt":"2020-08-13T01:11:33","guid":{"rendered":"https:\/\/blog.rotoline.com\/novo-rotoline\/?page_id=2333"},"modified":"2026-04-13T20:47:30","modified_gmt":"2026-04-13T23:47:30","slug":"diferenciais-rotoline","status":"publish","type":"page","link":"https:\/\/www.rotoline.com\/en\/diferentials-rotoline\/","title":{"rendered":"Rotoline Differentials"},"content":{"rendered":"<div data-elementor-type=\"wp-page\" data-elementor-id=\"2333\" class=\"elementor elementor-2333\" data-elementor-post-type=\"page\">\n\t\t\t\t\t\t<section class=\"elementor-section elementor-top-section elementor-element elementor-element-a5b01dd elementor-section-boxed elementor-section-height-default elementor-section-height-default\" data-id=\"a5b01dd\" data-element_type=\"section\" data-e-type=\"section\" data-settings=\"{&quot;background_background&quot;:&quot;classic&quot;}\">\n\t\t\t\t\t\t<div class=\"elementor-container elementor-column-gap-default\">\n\t\t\t\t\t<div class=\"elementor-column elementor-col-100 elementor-top-column elementor-element elementor-element-78dcf37\" data-id=\"78dcf37\" data-element_type=\"column\" data-e-type=\"column\">\n\t\t\t<div class=\"elementor-widget-wrap elementor-element-populated\">\n\t\t\t\t\t\t<div class=\"elementor-element elementor-element-c76a03b elementor-widget elementor-widget-heading\" data-id=\"c76a03b\" data-element_type=\"widget\" data-e-type=\"widget\" data-widget_type=\"heading.default\">\n\t\t\t\t<div class=\"elementor-widget-container\">\n\t\t\t\t\t<h1 class=\"elementor-heading-title elementor-size-default translation-block\">INNOVATION  <br>\nREVOLUTIONIZING <br>\nTHE ROTOMOLDING <br>\nINDUSTRY<\/h1>\t\t\t\t<\/div>\n\t\t\t\t<\/div>\n\t\t\t\t<div class=\"elementor-element elementor-element-e76a8ff elementor-widget elementor-widget-heading\" data-id=\"e76a8ff\" data-element_type=\"widget\" data-e-type=\"widget\" data-widget_type=\"heading.default\">\n\t\t\t\t<div class=\"elementor-widget-container\">\n\t\t\t\t\t<p class=\"elementor-heading-title elementor-size-default translation-block\">Optimize your production<br>\nprocess with technology.<\/p>\t\t\t\t<\/div>\n\t\t\t\t<\/div>\n\t\t\t\t\t<\/div>\n\t\t<\/div>\n\t\t\t\t\t<\/div>\n\t\t<\/section>\n\t\t\t\t<section class=\"elementor-section elementor-top-section elementor-element elementor-element-268ff17 elementor-section-boxed elementor-section-height-default elementor-section-height-default\" data-id=\"268ff17\" data-element_type=\"section\" data-e-type=\"section\" data-settings=\"{&quot;background_background&quot;:&quot;classic&quot;}\">\n\t\t\t\t\t\t<div class=\"elementor-container elementor-column-gap-default\">\n\t\t\t\t\t<div class=\"elementor-column elementor-col-50 elementor-top-column elementor-element elementor-element-05d626b\" data-id=\"05d626b\" data-element_type=\"column\" data-e-type=\"column\">\n\t\t\t<div class=\"elementor-widget-wrap elementor-element-populated\">\n\t\t\t\t\t\t<div class=\"elementor-element elementor-element-443488b elementor-widget elementor-widget-image\" data-id=\"443488b\" data-element_type=\"widget\" data-e-type=\"widget\" data-widget_type=\"image.default\">\n\t\t\t\t<div class=\"elementor-widget-container\">\n\t\t\t\t\t\t\t\t\t\t\t\t\t\t\t<img fetchpriority=\"high\" decoding=\"async\" width=\"600\" height=\"400\" src=\"https:\/\/www.rotoline.com\/wp-content\/uploads\/2021\/12\/Mockup-ebook-1.png\" class=\"attachment-large size-large wp-image-6962\" alt=\"\" srcset=\"https:\/\/www.rotoline.com\/wp-content\/uploads\/2021\/12\/Mockup-ebook-1.png 600w, https:\/\/www.rotoline.com\/wp-content\/uploads\/2021\/12\/Mockup-ebook-1-300x200.png 300w, https:\/\/www.rotoline.com\/wp-content\/uploads\/2021\/12\/Mockup-ebook-1-16x12.png 16w\" sizes=\"(max-width: 600px) 100vw, 600px\" \/>\t\t\t\t\t\t\t\t\t\t\t\t\t\t\t<\/div>\n\t\t\t\t<\/div>\n\t\t\t\t\t<\/div>\n\t\t<\/div>\n\t\t\t\t<div class=\"elementor-column elementor-col-50 elementor-top-column elementor-element elementor-element-e00541e\" data-id=\"e00541e\" data-element_type=\"column\" data-e-type=\"column\">\n\t\t\t<div class=\"elementor-widget-wrap elementor-element-populated\">\n\t\t\t\t\t\t<div class=\"elementor-element elementor-element-0c9a39d elementor-widget elementor-widget-text-editor\" data-id=\"0c9a39d\" data-element_type=\"widget\" data-e-type=\"widget\" data-widget_type=\"text-editor.default\">\n\t\t\t\t<div class=\"elementor-widget-container\">\n\t\t\t\t\t\t\t\t\t<p>With this PDF material, you will find out all the characteristics that puts the Rotoline rotomolding machines on the world's highest technology level.<\/p><p>There are advantages such as: easy to operate, optimum cost-benefit, low gas and energy consumption, technology and sturdiness on it's components, besides the constant and close contact with Rotoline Technical Personal, that offers assistance with the machine choice, training, updates and scheduled maintenance.<\/p>\t\t\t\t\t\t\t\t<\/div>\n\t\t\t\t<\/div>\n\t\t\t\t\t<\/div>\n\t\t<\/div>\n\t\t\t\t\t<\/div>\n\t\t<\/section>\n\t\t\t\t<section class=\"elementor-section elementor-top-section elementor-element elementor-element-198fd25 elementor-section-boxed elementor-section-height-default elementor-section-height-default\" data-id=\"198fd25\" data-element_type=\"section\" data-e-type=\"section\" data-settings=\"{&quot;background_background&quot;:&quot;classic&quot;}\">\n\t\t\t\t\t\t<div class=\"elementor-container elementor-column-gap-default\">\n\t\t\t\t\t<div class=\"elementor-column elementor-col-50 elementor-top-column elementor-element elementor-element-c987746\" data-id=\"c987746\" data-element_type=\"column\" data-e-type=\"column\">\n\t\t\t<div class=\"elementor-widget-wrap elementor-element-populated\">\n\t\t\t\t\t\t<div class=\"elementor-element elementor-element-3e95ef8 elementor-widget elementor-widget-text-editor\" data-id=\"3e95ef8\" data-element_type=\"widget\" data-e-type=\"widget\" data-widget_type=\"text-editor.default\">\n\t\t\t\t<div class=\"elementor-widget-container translation-block\"><strong>Download now and check how<br>\nthe Rotoline innovation can<br>\ntransform your production.<\/strong><\/div>\n\t\t\t\t<\/div>\n\t\t\t\t\t<\/div>\n\t\t<\/div>\n\t\t\t\t<div class=\"elementor-column elementor-col-50 elementor-top-column elementor-element elementor-element-1483eb6\" data-id=\"1483eb6\" data-element_type=\"column\" data-e-type=\"column\">\n\t\t\t<div class=\"elementor-widget-wrap elementor-element-populated\">\n\t\t\t\t\t\t<div class=\"elementor-element elementor-element-1b8f21c elementor-align-left elementor-mobile-align-center elementor-widget elementor-widget-button\" data-id=\"1b8f21c\" data-element_type=\"widget\" data-e-type=\"widget\" data-widget_type=\"button.default\">\n\t\t\t\t<div class=\"elementor-widget-container\">\n\t\t\t\t\t\t\t\t\t<div class=\"elementor-button-wrapper\">\n\t\t\t\t\t<a class=\"elementor-button elementor-button-link elementor-size-sm elementor-animation-grow\" href=\"https:\/\/www.rotoline.com\/en\/download-material-en\/?produto=diferenciais&#038;modelo=rotoline&#038;tipo_material=folheto&#038;tipo_conversao=lead&#038;grupo_material=comum&#038;tipo_produto=geral\">\n\t\t\t\t\t\t<span class=\"elementor-button-content-wrapper\">\n\t\t\t\t\t\t<span class=\"elementor-button-icon\">\n\t\t\t\t<i aria-hidden=\"true\" class=\"fas fa-arrow-alt-circle-down\"><\/i>\t\t\t<\/span>\n\t\t\t\t\t\t\t\t\t<span class=\"elementor-button-text\">DOWNLOAD PDF<\/span>\n\t\t\t\t\t<\/span>\n\t\t\t\t\t<\/a>\n\t\t\t\t<\/div>\n\t\t\t\t\t\t\t\t<\/div>\n\t\t\t\t<\/div>\n\t\t\t\t\t<\/div>\n\t\t<\/div>\n\t\t\t\t\t<\/div>\n\t\t<\/section>\n\t\t\t\t<\/div>","protected":false},"excerpt":{"rendered":"<p>A inova\u00e7\u00e3o revolucionando a rotomoldagem Otimize seu processo produtivo com tecnologia. Neste material em PDF, voc\u00ea vai descobrir todas as caracter\u00edsticas que colocam as m\u00e1quinas rotomoldadoras Rotoline no mais alto n\u00edvel mundial em termos de tecnologia. S\u00e3o vantagens como m\u00e1quinas simples de operar, \u00f3timo custo-benef\u00edcio, baixo consumo de g\u00e1s e energia el\u00e9trica e tecnologia e [&hellip;]<\/p>","protected":false},"author":1,"featured_media":0,"parent":0,"menu_order":0,"comment_status":"closed","ping_status":"closed","template":"elementor_header_footer","meta":{"footnotes":""},"class_list":["post-2333","page","type-page","status-publish","hentry"],"yoast_head":"<!-- This site is optimized with the Yoast SEO plugin v27.2 - https:\/\/yoast.com\/product\/yoast-seo-wordpress\/ -->\n<title>Diferenciais Rotoline<\/title>\n<meta name=\"description\" content=\"Descubra todas as caracter\u00edsticas que colocam as m\u00e1quinas rotomoldadoras Rotoline no mais alto n\u00edvel mundial em termos de tecnologia.\" \/>\n<meta name=\"robots\" content=\"index, follow, max-snippet:-1, max-image-preview:large, max-video-preview:-1\" \/>\n<link rel=\"canonical\" href=\"https:\/\/www.rotoline.com\/en\/diferentials-rotoline\/\" \/>\n<meta property=\"og:locale\" content=\"en_US\" \/>\n<meta property=\"og:type\" content=\"article\" \/>\n<meta property=\"og:title\" content=\"Diferenciais Rotoline\" \/>\n<meta property=\"og:description\" content=\"Descubra todas as caracter\u00edsticas que colocam as m\u00e1quinas rotomoldadoras Rotoline no mais alto n\u00edvel mundial em termos de tecnologia.\" \/>\n<meta property=\"og:url\" content=\"https:\/\/www.rotoline.com\/en\/diferentials-rotoline\/\" \/>\n<meta property=\"og:site_name\" content=\"Rotoline\" \/>\n<meta property=\"article:modified_time\" content=\"2026-04-13T23:47:30+00:00\" \/>\n<meta property=\"og:image\" content=\"http:\/\/www.rotoline.com\/wp-content\/uploads\/2021\/12\/Mockup-ebook-1.png\" \/>\n<meta name=\"twitter:card\" content=\"summary_large_image\" \/>\n<meta name=\"twitter:label1\" content=\"Est. reading time\" \/>\n\t<meta name=\"twitter:data1\" content=\"1 minute\" \/>\n<script type=\"application\/ld+json\" class=\"yoast-schema-graph\">{\"@context\":\"https:\/\/schema.org\",\"@graph\":[{\"@type\":\"WebPage\",\"@id\":\"https:\/\/www.rotoline.com\/en\/diferentials-rotoline\/\",\"url\":\"https:\/\/www.rotoline.com\/en\/diferentials-rotoline\/\",\"name\":\"Diferenciais Rotoline\",\"isPartOf\":{\"@id\":\"https:\/\/www.rotoline.com\/br\/#website\"},\"primaryImageOfPage\":{\"@id\":\"https:\/\/www.rotoline.com\/en\/diferentials-rotoline\/#primaryimage\"},\"image\":{\"@id\":\"https:\/\/www.rotoline.com\/en\/diferentials-rotoline\/#primaryimage\"},\"thumbnailUrl\":\"http:\/\/www.rotoline.com\/wp-content\/uploads\/2021\/12\/Mockup-ebook-1.png\",\"datePublished\":\"2020-08-13T01:11:33+00:00\",\"dateModified\":\"2026-04-13T23:47:30+00:00\",\"description\":\"Descubra todas as caracter\u00edsticas que colocam as m\u00e1quinas rotomoldadoras Rotoline no mais alto n\u00edvel mundial em termos de tecnologia.\",\"breadcrumb\":{\"@id\":\"https:\/\/www.rotoline.com\/en\/diferentials-rotoline\/#breadcrumb\"},\"inLanguage\":\"en-US\",\"potentialAction\":[{\"@type\":\"ReadAction\",\"target\":[\"https:\/\/www.rotoline.com\/en\/diferentials-rotoline\/\"]}]},{\"@type\":\"ImageObject\",\"inLanguage\":\"en-US\",\"@id\":\"https:\/\/www.rotoline.com\/en\/diferentials-rotoline\/#primaryimage\",\"url\":\"http:\/\/www.rotoline.com\/wp-content\/uploads\/2021\/12\/Mockup-ebook-1.png\",\"contentUrl\":\"http:\/\/www.rotoline.com\/wp-content\/uploads\/2021\/12\/Mockup-ebook-1.png\"},{\"@type\":\"BreadcrumbList\",\"@id\":\"https:\/\/www.rotoline.com\/en\/diferentials-rotoline\/#breadcrumb\",\"itemListElement\":[{\"@type\":\"ListItem\",\"position\":1,\"name\":\"In\u00edcio\",\"item\":\"https:\/\/www.rotoline.com\/br\/\"},{\"@type\":\"ListItem\",\"position\":2,\"name\":\"Diferenciais Rotoline\"}]},{\"@type\":\"WebSite\",\"@id\":\"https:\/\/www.rotoline.com\/br\/#website\",\"url\":\"https:\/\/www.rotoline.com\/br\/\",\"name\":\"Rotoline\",\"description\":\"Tecnologia que molda inova\u00e7\u00e3o\",\"publisher\":{\"@id\":\"https:\/\/www.rotoline.com\/br\/#organization\"},\"potentialAction\":[{\"@type\":\"SearchAction\",\"target\":{\"@type\":\"EntryPoint\",\"urlTemplate\":\"https:\/\/www.rotoline.com\/br\/?s={search_term_string}\"},\"query-input\":{\"@type\":\"PropertyValueSpecification\",\"valueRequired\":true,\"valueName\":\"search_term_string\"}}],\"inLanguage\":\"en-US\"},{\"@type\":\"Organization\",\"@id\":\"https:\/\/www.rotoline.com\/br\/#organization\",\"name\":\"Rotoline\",\"url\":\"https:\/\/www.rotoline.com\/br\/\",\"logo\":{\"@type\":\"ImageObject\",\"inLanguage\":\"en-US\",\"@id\":\"https:\/\/www.rotoline.com\/br\/#\/schema\/logo\/image\/\",\"url\":\"http:\/\/www.rotoline.com\/wp-content\/uploads\/2020\/01\/logo-rotoline-pt-1.png\",\"contentUrl\":\"http:\/\/www.rotoline.com\/wp-content\/uploads\/2020\/01\/logo-rotoline-pt-1.png\",\"width\":200,\"height\":69,\"caption\":\"Rotoline\"},\"image\":{\"@id\":\"https:\/\/www.rotoline.com\/br\/#\/schema\/logo\/image\/\"},\"sameAs\":[\"https:\/\/www.linkedin.com\/company\/rotoline\",\"https:\/\/br.pinterest.com\/rmquinas\",\"https:\/\/www.youtube.com\/channel\/UCbvp8TXGEXDfLe2govM_0Qw\"]}]}<\/script>\n<!-- \/ Yoast SEO plugin. -->","yoast_head_json":{"title":"Diferenciais Rotoline","description":"Descubra todas as caracter\u00edsticas que colocam as m\u00e1quinas rotomoldadoras Rotoline no mais alto n\u00edvel mundial em termos de tecnologia.","robots":{"index":"index","follow":"follow","max-snippet":"max-snippet:-1","max-image-preview":"max-image-preview:large","max-video-preview":"max-video-preview:-1"},"canonical":"https:\/\/www.rotoline.com\/en\/diferentials-rotoline\/","og_locale":"en_US","og_type":"article","og_title":"Diferenciais Rotoline","og_description":"Descubra todas as caracter\u00edsticas que colocam as m\u00e1quinas rotomoldadoras Rotoline no mais alto n\u00edvel mundial em termos de tecnologia.","og_url":"https:\/\/www.rotoline.com\/en\/diferentials-rotoline\/","og_site_name":"Rotoline","article_modified_time":"2026-04-13T23:47:30+00:00","og_image":[{"url":"http:\/\/www.rotoline.com\/wp-content\/uploads\/2021\/12\/Mockup-ebook-1.png","type":"","width":"","height":""}],"twitter_card":"summary_large_image","twitter_misc":{"Est. reading time":"1 minute"},"schema":{"@context":"https:\/\/schema.org","@graph":[{"@type":"WebPage","@id":"https:\/\/www.rotoline.com\/en\/diferentials-rotoline\/","url":"https:\/\/www.rotoline.com\/en\/diferentials-rotoline\/","name":"Diferenciais Rotoline","isPartOf":{"@id":"https:\/\/www.rotoline.com\/br\/#website"},"primaryImageOfPage":{"@id":"https:\/\/www.rotoline.com\/en\/diferentials-rotoline\/#primaryimage"},"image":{"@id":"https:\/\/www.rotoline.com\/en\/diferentials-rotoline\/#primaryimage"},"thumbnailUrl":"http:\/\/www.rotoline.com\/wp-content\/uploads\/2021\/12\/Mockup-ebook-1.png","datePublished":"2020-08-13T01:11:33+00:00","dateModified":"2026-04-13T23:47:30+00:00","description":"Descubra todas as caracter\u00edsticas que colocam as m\u00e1quinas rotomoldadoras Rotoline no mais alto n\u00edvel mundial em termos de tecnologia.","breadcrumb":{"@id":"https:\/\/www.rotoline.com\/en\/diferentials-rotoline\/#breadcrumb"},"inLanguage":"en-US","potentialAction":[{"@type":"ReadAction","target":["https:\/\/www.rotoline.com\/en\/diferentials-rotoline\/"]}]},{"@type":"ImageObject","inLanguage":"en-US","@id":"https:\/\/www.rotoline.com\/en\/diferentials-rotoline\/#primaryimage","url":"http:\/\/www.rotoline.com\/wp-content\/uploads\/2021\/12\/Mockup-ebook-1.png","contentUrl":"http:\/\/www.rotoline.com\/wp-content\/uploads\/2021\/12\/Mockup-ebook-1.png"},{"@type":"BreadcrumbList","@id":"https:\/\/www.rotoline.com\/en\/diferentials-rotoline\/#breadcrumb","itemListElement":[{"@type":"ListItem","position":1,"name":"In\u00edcio","item":"https:\/\/www.rotoline.com\/br\/"},{"@type":"ListItem","position":2,"name":"Diferenciais Rotoline"}]},{"@type":"WebSite","@id":"https:\/\/www.rotoline.com\/br\/#website","url":"https:\/\/www.rotoline.com\/br\/","name":"Rotoline","description":"Tecnologia que molda inova\u00e7\u00e3o","publisher":{"@id":"https:\/\/www.rotoline.com\/br\/#organization"},"potentialAction":[{"@type":"SearchAction","target":{"@type":"EntryPoint","urlTemplate":"https:\/\/www.rotoline.com\/br\/?s={search_term_string}"},"query-input":{"@type":"PropertyValueSpecification","valueRequired":true,"valueName":"search_term_string"}}],"inLanguage":"en-US"},{"@type":"Organization","@id":"https:\/\/www.rotoline.com\/br\/#organization","name":"Rotoline","url":"https:\/\/www.rotoline.com\/br\/","logo":{"@type":"ImageObject","inLanguage":"en-US","@id":"https:\/\/www.rotoline.com\/br\/#\/schema\/logo\/image\/","url":"http:\/\/www.rotoline.com\/wp-content\/uploads\/2020\/01\/logo-rotoline-pt-1.png","contentUrl":"http:\/\/www.rotoline.com\/wp-content\/uploads\/2020\/01\/logo-rotoline-pt-1.png","width":200,"height":69,"caption":"Rotoline"},"image":{"@id":"https:\/\/www.rotoline.com\/br\/#\/schema\/logo\/image\/"},"sameAs":["https:\/\/www.linkedin.com\/company\/rotoline","https:\/\/br.pinterest.com\/rmquinas","https:\/\/www.youtube.com\/channel\/UCbvp8TXGEXDfLe2govM_0Qw"]}]}},"_links":{"self":[{"href":"https:\/\/www.rotoline.com\/en\/wp-json\/wp\/v2\/pages\/2333","targetHints":{"allow":["GET"]}}],"collection":[{"href":"https:\/\/www.rotoline.com\/en\/wp-json\/wp\/v2\/pages"}],"about":[{"href":"https:\/\/www.rotoline.com\/en\/wp-json\/wp\/v2\/types\/page"}],"author":[{"embeddable":true,"href":"https:\/\/www.rotoline.com\/en\/wp-json\/wp\/v2\/users\/1"}],"replies":[{"embeddable":true,"href":"https:\/\/www.rotoline.com\/en\/wp-json\/wp\/v2\/comments?post=2333"}],"version-history":[{"count":30,"href":"https:\/\/www.rotoline.com\/en\/wp-json\/wp\/v2\/pages\/2333\/revisions"}],"predecessor-version":[{"id":12563,"href":"https:\/\/www.rotoline.com\/en\/wp-json\/wp\/v2\/pages\/2333\/revisions\/12563"}],"wp:attachment":[{"href":"https:\/\/www.rotoline.com\/en\/wp-json\/wp\/v2\/media?parent=2333"}],"curies":[{"name":"wp","href":"https:\/\/api.w.org\/{rel}","templated":true}]}}